{"id":1088,"date":"2024-04-09T11:25:09","date_gmt":"2024-04-09T11:25:09","guid":{"rendered":"http:\/\/nutrimar.no.vinnvinn.io\/personvernerklaering\/"},"modified":"2024-04-09T11:25:09","modified_gmt":"2024-04-09T11:25:09","slug":"personvernerklaering","status":"publish","type":"page","link":"https:\/\/nutrimar.no\/no\/personvernerklaering\/","title":{"rendered":"Personvernerkl\u00e6ring"},"content":{"rendered":"\n<!-- Legal document generated by Complianz | GDPR\/CCPA Cookie Consent https:\/\/wordpress.org\/plugins\/complianz-gdpr -->\n<div id=\"cmplz-document\" class=\"cmplz-document cookie-statement cmplz-document-eu\"><p><i>Denne informasjonskapselerkl\u00e6ringen ble sist oppdatert den 19. juni 2025 og gjelder for borgere og innbyggere med lovlig permanent opphold i det europeiske \u00f8konomiske samarbeidsomr\u00e5det (E\u00d8S) og Sveits.<\/i><br><\/p><h2>1. Introduksjon<\/h2><p>V\u00e5rt nettsted, <a href=\"https:\/\/nutrimar.no\/no\/\">https:\/\/nutrimar.no\/no\/<\/a> (heretter kalt: \u201dnettstedet\u201d) benytter cookies og annen relatert teknologi (for enkelhets skyld er relatert teknologi ogs\u00e5 omtalt som \u00abcookies\u00bb). Cookies er ogs\u00e5 plassert av tredjeparts akt\u00f8rer vi har engasjert. I dokumentet under informerer vi om bruken av cookies p\u00e5 v\u00e5rt nettsted.<\/p><h2>2. Hva er cookies?<\/h2><p>En informasjonskapsel er en enkel liten fil som er sendt sammen med sider i dette nettstedet og er lagret av din nettleser p\u00e5 din datamaskins harddisk eller en annen enhet. Opplysninger som er lagret der kan bli returnert til v\u00e5re servere, eller til servere som tilh\u00f8rer de relevante tredjeparts-akt\u00f8rene, i l\u00f8pet av et senere bes\u00f8k.<\/p><h2>3. Hva er skript?<\/h2><p>Et skript er en del av en programkode som er brukt til \u00e5 sikre at v\u00e5r webside fungerer riktig og interaktivt. Denne koden kj\u00f8res p\u00e5 v\u00e5r server eller p\u00e5 din enhet.<\/p><h2>4. Hva er en web beacon?<\/h2><p>En web beacon (eller pixel tag) er en liten, usynlig del av en tekst eller et bilde p\u00e5 en nettside som er brukt til \u00e5 overv\u00e5ke trafikken p\u00e5 en nettside. For \u00e5 f\u00e5 til dette, blir en del data om deg lagret ved bruk av web beacon.<\/p><h2>5. Cookies<\/h2><p class=\"cmplz-subtitle\">5.1 Tekniske eller funksjonelle informasjonskapsler<\/p><p>Noen informasjonskapsler sikrer at enkelte deler av nettstedet fungerer som det skal og at brukerpreferansene dine forblir kjent. Ved \u00e5 plassere funksjonelle informasjonskapsler gj\u00f8r vi det enklere for deg \u00e5 bes\u00f8ke nettstedet v\u00e5rt. P\u00e5 denne m\u00e5ten trenger du ikke gjentatte ganger \u00e5 legge inn den samme informasjonen n\u00e5r du bes\u00f8ker nettsiden v\u00e5r og for eksempel blir varene liggende i handlekurven din til du har betalt. Vi kan plassere disse informasjonskapslene uten ditt samtykke.<\/p><p class=\"cmplz-subtitle\">5.2 Analytiske informasjonskapsler<\/p><p>Vi bruker analytiske informasjonskapsler for \u00e5 optimalisere nettsted opplevelsen for v\u00e5re brukere. Med disse analytiske informasjonskapslene for vi innblikk i bruken av v\u00e5rt nettsted.&nbsp;Vi sp\u00f8r om din tillatelse til \u00e5 plassere analytiske informasjonskapsler.<\/p><p class=\"cmplz-subtitle\">5.3 Informasjonskapsler for markedsf\u00f8ring\/sporing<\/p><p>Markedsf\u00f8rings-\/sporingsinformasjonskapsler er informasjonskapsler eller annen form for lokal lagring, som brukes til \u00e5 lage brukerprofiler for \u00e5 vise reklame eller for \u00e5 spore brukeren p\u00e5 dette nettstedet eller p\u00e5 tvers av flere nettsteder for lignende markedsf\u00f8ringsform\u00e5l.<\/p><h2>6. Plasserte cookies<\/h2><div id=\"cmplz-cookies-overview\"><details class=\"cmplz-dropdown cmplz-service-desc cmplz-dropdown-cookiepolicy \">\n\t<summary class=\"cmplz-service-header\"><div>\n\t\t<h3>WordPress<\/h3>\n\t\t<p>Funksjonell<\/p>\n\t\t<label for=\"cmplz_service_wordpress\" class=\"cmplz_consent_per_service_label\"><span class=\"screen-reader-text\">Consent to service wordpress<\/span><\/label>\n\t\t<input type=\"checkbox\" id=\"cmplz_service_wordpress\" class=\"cmplz-accept-service cmplz-hidden\" data-service=\"wordpress\" data-category=\"functional\"><\/div>\n\t<\/summary>\n\t<div class=\"cmplz-service-description\">\n\t\t<h4>Bruk<\/h4>\n\t\t<p><\/p>\n\t<\/div>\n\t<div class=\"cmplz-sharing-data\">\n\t\t<h4>Deling av data<\/h4>\n\t\t<p>Disse data er ikke delt med tredjeparts-akt\u00f8rer.<\/p>\n\t<\/div>\n\t<div class=\"cookies-per-purpose\">\n    <div class=\"purpose\"><h4>Funksjonell<\/h4><\/div>\n    <div class=\"name-header\">\n\t<h5>Navn<\/h5>\n<\/div>\n<div class=\"name\"><a target=\"_blank\" rel=\"noopener noreferrer nofollow\" href=\"https:\/\/cookiedatabase.org\/cookie\/unknown-service\/wp_preferences_user_\/\">WP_PREFERENCES_USER_*<\/a><\/div>\n<div class=\"retention-header\">\n\t<h5>Utl\u00f8p<\/h5>\n<\/div>\n<div class=\"retention\">vedvarende<\/div>\n<div class=\"function-header\">\n\t<h5>Funksjon<\/h5>\n<\/div>\n<div class=\"function\">Lagre brukerinnstillinger<\/div>\n<div class=\"name-header\">\n\t<h5>Navn<\/h5>\n<\/div>\n<div class=\"name\"><a target=\"_blank\" rel=\"noopener noreferrer nofollow\" href=\"https:\/\/cookiedatabase.org\/cookie\/unknown-service\/wpemojisettingssupports\/\">wpEmojiSettingsSupports<\/a><\/div>\n<div class=\"retention-header\">\n\t<h5>Utl\u00f8p<\/h5>\n<\/div>\n<div class=\"retention\">sesjon<\/div>\n<div class=\"function-header\">\n\t<h5>Funksjon<\/h5>\n<\/div>\n<div class=\"function\">Lagre nettleserdetaljer<\/div>\n<div class=\"name-header\">\n\t<h5>Navn<\/h5>\n<\/div>\n<div class=\"name\"><a target=\"_blank\" rel=\"noopener noreferrer nofollow\" href=\"https:\/\/cookiedatabase.org\/cookie\/unknown-service\/wp-settings\/\">wp-settings-*<\/a><\/div>\n<div class=\"retention-header\">\n\t<h5>Utl\u00f8p<\/h5>\n<\/div>\n<div class=\"retention\">vedvarende<\/div>\n<div class=\"function-header\">\n\t<h5>Funksjon<\/h5>\n<\/div>\n<div class=\"function\">Lagre brukerinnstillinger<\/div>\n<div class=\"name-header\">\n\t<h5>Navn<\/h5>\n<\/div>\n<div class=\"name\"><a target=\"_blank\" rel=\"noopener noreferrer nofollow\" href=\"https:\/\/cookiedatabase.org\/cookie\/unknown-service\/wp-settings-time\/\">wp-settings-time-*<\/a><\/div>\n<div class=\"retention-header\">\n\t<h5>Utl\u00f8p<\/h5>\n<\/div>\n<div class=\"retention\">1 \u00e5r<\/div>\n<div class=\"function-header\">\n\t<h5>Funksjon<\/h5>\n<\/div>\n<div class=\"function\">Lagre brukerinnstillinger<\/div>\n<div class=\"name-header\">\n\t<h5>Navn<\/h5>\n<\/div>\n<div class=\"name\"><a target=\"_blank\" rel=\"noopener noreferrer nofollow\" href=\"https:\/\/cookiedatabase.org\/cookie\/unknown-service\/wordpress_test_cookie\/\">wordpress_test_cookie<\/a><\/div>\n<div class=\"retention-header\">\n\t<h5>Utl\u00f8p<\/h5>\n<\/div>\n<div class=\"retention\">sesjon<\/div>\n<div class=\"function-header\">\n\t<h5>Funksjon<\/h5>\n<\/div>\n<div class=\"function\">Les om cookies kan plasseres<\/div>\n<div class=\"name-header\">\n\t<h5>Navn<\/h5>\n<\/div>\n<div class=\"name\"><a target=\"_blank\" rel=\"noopener noreferrer nofollow\" href=\"https:\/\/cookiedatabase.org\/cookie\/unknown-service\/wp_lang\/\">wp_lang<\/a><\/div>\n<div class=\"retention-header\">\n\t<h5>Utl\u00f8p<\/h5>\n<\/div>\n<div class=\"retention\">sesjon<\/div>\n<div class=\"function-header\">\n\t<h5>Funksjon<\/h5>\n<\/div>\n<div class=\"function\">Lagre spr\u00e5kinnstillinger<\/div>\n<div class=\"name-header\">\n\t<h5>Navn<\/h5>\n<\/div>\n<div class=\"name\"><a target=\"_blank\" rel=\"noopener noreferrer nofollow\" href=\"https:\/\/cookiedatabase.org\/cookie\/unknown-service\/wordpress_logged_in_\/\">wordpress_logged_in_*<\/a><\/div>\n<div class=\"retention-header\">\n\t<h5>Utl\u00f8p<\/h5>\n<\/div>\n<div class=\"retention\">vedvarende<\/div>\n<div class=\"function-header\">\n\t<h5>Funksjon<\/h5>\n<\/div>\n<div class=\"function\">Lagre p\u00e5loggede brukere<\/div>\n\n<\/div>\n<\/details>\n<details class=\"cmplz-dropdown cmplz-service-desc cmplz-dropdown-cookiepolicy \">\n\t<summary class=\"cmplz-service-header\"><div>\n\t\t<h3>Google Analytics<\/h3>\n\t\t<p>Statistikk<\/p>\n\t\t<label for=\"cmplz_service_google-analytics\" class=\"cmplz_consent_per_service_label\"><span class=\"screen-reader-text\">Consent to service google-analytics<\/span><\/label>\n\t\t<input type=\"checkbox\" id=\"cmplz_service_google-analytics\" class=\"cmplz-accept-service cmplz-hidden\" data-service=\"google-analytics\" data-category=\"functional\"><\/div>\n\t<\/summary>\n\t<div class=\"cmplz-service-description\">\n\t\t<h4>Bruk<\/h4>\n\t\t<p><\/p>\n\t<\/div>\n\t<div class=\"cmplz-sharing-data\">\n\t\t<h4>Deling av data<\/h4>\n\t\t<p>Disse data er ikke delt med tredjeparts-akt\u00f8rer.<\/p>\n\t<\/div>\n\t<div class=\"cookies-per-purpose\">\n    <div class=\"purpose\"><h4>Statistikk<\/h4><\/div>\n    <div class=\"name-header\">\n\t<h5>Navn<\/h5>\n<\/div>\n<div class=\"name\"><a target=\"_blank\" rel=\"noopener noreferrer nofollow\" href=\"https:\/\/cookiedatabase.org\/cookie\/unknown-service\/_ga\/\">_ga<\/a><\/div>\n<div class=\"retention-header\">\n\t<h5>Utl\u00f8p<\/h5>\n<\/div>\n<div class=\"retention\">2 \u00e5r<\/div>\n<div class=\"function-header\">\n\t<h5>Funksjon<\/h5>\n<\/div>\n<div class=\"function\">Lagre og telle antall sidevisninger<\/div>\n<div class=\"name-header\">\n\t<h5>Navn<\/h5>\n<\/div>\n<div class=\"name\"><a target=\"_blank\" rel=\"noopener noreferrer nofollow\" href=\"https:\/\/cookiedatabase.org\/cookie\/unknown-service\/_ga_\/\">_ga_*<\/a><\/div>\n<div class=\"retention-header\">\n\t<h5>Utl\u00f8p<\/h5>\n<\/div>\n<div class=\"retention\">1 \u00e5r<\/div>\n<div class=\"function-header\">\n\t<h5>Funksjon<\/h5>\n<\/div>\n<div class=\"function\">Lagre og telle antall sidevisninger<\/div>\n\n<\/div>\n<\/details>\n<details class=\"cmplz-dropdown cmplz-service-desc cmplz-dropdown-cookiepolicy \">\n\t<summary class=\"cmplz-service-header\"><div>\n\t\t<h3>Complianz<\/h3>\n\t\t<p>Funksjonell<\/p>\n\t\t<label for=\"cmplz_service_complianz\" class=\"cmplz_consent_per_service_label\"><span class=\"screen-reader-text\">Consent to service complianz<\/span><\/label>\n\t\t<input type=\"checkbox\" id=\"cmplz_service_complianz\" class=\"cmplz-accept-service cmplz-hidden\" data-service=\"complianz\" data-category=\"functional\"><\/div>\n\t<\/summary>\n\t<div class=\"cmplz-service-description\">\n\t\t<h4>Bruk<\/h4>\n\t\t<p><\/p>\n\t<\/div>\n\t<div class=\"cmplz-sharing-data\">\n\t\t<h4>Deling av data<\/h4>\n\t\t<p>Disse data er ikke delt med tredjeparts-akt\u00f8rer.&nbsp;For mer informasjon, les <a target=\"_blank\" rel=\"noopener noreferrer\" href=\"https:\/\/complianz.io\/legal\/privacy-statement\/\">Complianz Personvernerkl\u00e6ringen<\/a>.<\/p>\n\t<\/div>\n\t<div class=\"cookies-per-purpose\">\n    <div class=\"purpose\"><h4>Funksjonell<\/h4><\/div>\n    <div class=\"name-header\">\n\t<h5>Navn<\/h5>\n<\/div>\n<div class=\"name\"><a target=\"_blank\" rel=\"noopener noreferrer nofollow\" href=\"https:\/\/cookiedatabase.org\/cookie\/unknown-service\/cmplz_consented_services\/\">cmplz_consented_services<\/a><\/div>\n<div class=\"retention-header\">\n\t<h5>Utl\u00f8p<\/h5>\n<\/div>\n<div class=\"retention\">365 dager<\/div>\n<div class=\"function-header\">\n\t<h5>Funksjon<\/h5>\n<\/div>\n<div class=\"function\">Lagre innstillinger for cookie samtykker<\/div>\n<div class=\"name-header\">\n\t<h5>Navn<\/h5>\n<\/div>\n<div class=\"name\"><a target=\"_blank\" rel=\"noopener noreferrer nofollow\" href=\"https:\/\/cookiedatabase.org\/cookie\/unknown-service\/cmplz_policy_id\/\">cmplz_policy_id<\/a><\/div>\n<div class=\"retention-header\">\n\t<h5>Utl\u00f8p<\/h5>\n<\/div>\n<div class=\"retention\">365 dager<\/div>\n<div class=\"function-header\">\n\t<h5>Funksjon<\/h5>\n<\/div>\n<div class=\"function\">Lagre godkjent cookie policy ID<\/div>\n<div class=\"name-header\">\n\t<h5>Navn<\/h5>\n<\/div>\n<div class=\"name\"><a target=\"_blank\" rel=\"noopener noreferrer nofollow\" href=\"https:\/\/cookiedatabase.org\/cookie\/unknown-service\/cmplz_marketing\/\">cmplz_marketing<\/a><\/div>\n<div class=\"retention-header\">\n\t<h5>Utl\u00f8p<\/h5>\n<\/div>\n<div class=\"retention\">365 dager<\/div>\n<div class=\"function-header\">\n\t<h5>Funksjon<\/h5>\n<\/div>\n<div class=\"function\">Lagre innstillinger for cookie samtykker<\/div>\n<div class=\"name-header\">\n\t<h5>Navn<\/h5>\n<\/div>\n<div class=\"name\"><a target=\"_blank\" rel=\"noopener noreferrer nofollow\" href=\"https:\/\/cookiedatabase.org\/cookie\/unknown-service\/cmplz_statistics\/\">cmplz_statistics<\/a><\/div>\n<div class=\"retention-header\">\n\t<h5>Utl\u00f8p<\/h5>\n<\/div>\n<div class=\"retention\">365 dager<\/div>\n<div class=\"function-header\">\n\t<h5>Funksjon<\/h5>\n<\/div>\n<div class=\"function\">Lagre innstillinger for cookie samtykker<\/div>\n<div class=\"name-header\">\n\t<h5>Navn<\/h5>\n<\/div>\n<div class=\"name\"><a target=\"_blank\" rel=\"noopener noreferrer nofollow\" href=\"https:\/\/cookiedatabase.org\/cookie\/unknown-service\/cmplz_preferences\/\">cmplz_preferences<\/a><\/div>\n<div class=\"retention-header\">\n\t<h5>Utl\u00f8p<\/h5>\n<\/div>\n<div class=\"retention\">365 dager<\/div>\n<div class=\"function-header\">\n\t<h5>Funksjon<\/h5>\n<\/div>\n<div class=\"function\">Lagre innstillinger for cookie samtykker<\/div>\n<div class=\"name-header\">\n\t<h5>Navn<\/h5>\n<\/div>\n<div class=\"name\"><a target=\"_blank\" rel=\"noopener noreferrer nofollow\" href=\"https:\/\/cookiedatabase.org\/cookie\/unknown-service\/cmplz_functional\/\">cmplz_functional<\/a><\/div>\n<div class=\"retention-header\">\n\t<h5>Utl\u00f8p<\/h5>\n<\/div>\n<div class=\"retention\">365 dager<\/div>\n<div class=\"function-header\">\n\t<h5>Funksjon<\/h5>\n<\/div>\n<div class=\"function\">Lagre innstillinger for cookie samtykker<\/div>\n<div class=\"name-header\">\n\t<h5>Navn<\/h5>\n<\/div>\n<div class=\"name\"><a target=\"_blank\" rel=\"noopener noreferrer nofollow\" href=\"https:\/\/cookiedatabase.org\/cookie\/unknown-service\/cmplz_banner-status\/\">cmplz_banner-status<\/a><\/div>\n<div class=\"retention-header\">\n\t<h5>Utl\u00f8p<\/h5>\n<\/div>\n<div class=\"retention\">365 dager<\/div>\n<div class=\"function-header\">\n\t<h5>Funksjon<\/h5>\n<\/div>\n<div class=\"function\">Lagre om cookie banner er blitt avvist<\/div>\n\n<\/div>\n<\/details>\n<details class=\"cmplz-dropdown cmplz-service-desc cmplz-dropdown-cookiepolicy \">\n\t<summary class=\"cmplz-service-header\"><div>\n\t\t<h3>Diverse<\/h3>\n\t\t<p>Form\u00e5l venter p\u00e5 kontroll<\/p>\n\t\t<label for=\"cmplz_service_diverse\" class=\"cmplz_consent_per_service_label\"><span class=\"screen-reader-text\">Consent to service diverse<\/span><\/label>\n\t\t<input type=\"checkbox\" id=\"cmplz_service_diverse\" class=\"cmplz-accept-service cmplz-hidden\" data-service=\"diverse\" data-category=\"functional\"><\/div>\n\t<\/summary>\n\t<div class=\"cmplz-service-description\">\n\t\t<h4>Bruk<\/h4>\n\t\t<p><\/p>\n\t<\/div>\n\t<div class=\"cmplz-sharing-data\">\n\t\t<h4>Deling av data<\/h4>\n\t\t<p>Deling av data venter p\u00e5 revidering<\/p>\n\t<\/div>\n\t<div class=\"cookies-per-purpose\">\n    <div class=\"purpose\"><h4>Form\u00e5l venter p\u00e5 kontroll<\/h4><\/div>\n    <div class=\"name-header\">\n\t<h5>Navn<\/h5>\n<\/div>\n<div class=\"name\">generateblocksCustomInputs<\/div>\n<div class=\"retention-header\">\n\t<h5>Utl\u00f8p<\/h5>\n<\/div>\n<div class=\"retention\"><\/div>\n<div class=\"function-header\">\n\t<h5>Funksjon<\/h5>\n<\/div>\n<div class=\"function\"><\/div>\n<div class=\"name-header\">\n\t<h5>Navn<\/h5>\n<\/div>\n<div class=\"name\">generateblocksDeviceType<\/div>\n<div class=\"retention-header\">\n\t<h5>Utl\u00f8p<\/h5>\n<\/div>\n<div class=\"retention\"><\/div>\n<div class=\"function-header\">\n\t<h5>Funksjon<\/h5>\n<\/div>\n<div class=\"function\"><\/div>\n<div class=\"name-header\">\n\t<h5>Navn<\/h5>\n<\/div>\n<div class=\"name\">generateblocksPanels<\/div>\n<div class=\"retention-header\">\n\t<h5>Utl\u00f8p<\/h5>\n<\/div>\n<div class=\"retention\"><\/div>\n<div class=\"function-header\">\n\t<h5>Funksjon<\/h5>\n<\/div>\n<div class=\"function\"><\/div>\n<div class=\"name-header\">\n\t<h5>Navn<\/h5>\n<\/div>\n<div class=\"name\">_fbp<\/div>\n<div class=\"retention-header\">\n\t<h5>Utl\u00f8p<\/h5>\n<\/div>\n<div class=\"retention\"><\/div>\n<div class=\"function-header\">\n\t<h5>Funksjon<\/h5>\n<\/div>\n<div class=\"function\"><\/div>\n<div class=\"name-header\">\n\t<h5>Navn<\/h5>\n<\/div>\n<div class=\"name\">breeze_folder_name<\/div>\n<div class=\"retention-header\">\n\t<h5>Utl\u00f8p<\/h5>\n<\/div>\n<div class=\"retention\"><\/div>\n<div class=\"function-header\">\n\t<h5>Funksjon<\/h5>\n<\/div>\n<div class=\"function\"><\/div>\n<div class=\"name-header\">\n\t<h5>Navn<\/h5>\n<\/div>\n<div class=\"name\">continueReview<\/div>\n<div class=\"retention-header\">\n\t<h5>Utl\u00f8p<\/h5>\n<\/div>\n<div class=\"retention\"><\/div>\n<div class=\"function-header\">\n\t<h5>Funksjon<\/h5>\n<\/div>\n<div class=\"function\"><\/div>\n<div class=\"name-header\">\n\t<h5>Navn<\/h5>\n<\/div>\n<div class=\"name\">ate_widget_fetch_time<\/div>\n<div class=\"retention-header\">\n\t<h5>Utl\u00f8p<\/h5>\n<\/div>\n<div class=\"retention\"><\/div>\n<div class=\"function-header\">\n\t<h5>Funksjon<\/h5>\n<\/div>\n<div class=\"function\"><\/div>\n<div class=\"name-header\">\n\t<h5>Navn<\/h5>\n<\/div>\n<div class=\"name\">ams_tq_last_ids<\/div>\n<div class=\"retention-header\">\n\t<h5>Utl\u00f8p<\/h5>\n<\/div>\n<div class=\"retention\"><\/div>\n<div class=\"function-header\">\n\t<h5>Funksjon<\/h5>\n<\/div>\n<div class=\"function\"><\/div>\n<div class=\"name-header\">\n\t<h5>Navn<\/h5>\n<\/div>\n<div class=\"name\">ate_widget_url<\/div>\n<div class=\"retention-header\">\n\t<h5>Utl\u00f8p<\/h5>\n<\/div>\n<div class=\"retention\"><\/div>\n<div class=\"function-header\">\n\t<h5>Funksjon<\/h5>\n<\/div>\n<div class=\"function\"><\/div>\n<div class=\"name-header\">\n\t<h5>Navn<\/h5>\n<\/div>\n<div class=\"name\">wp-wpml_current_language<\/div>\n<div class=\"retention-header\">\n\t<h5>Utl\u00f8p<\/h5>\n<\/div>\n<div class=\"retention\"><\/div>\n<div class=\"function-header\">\n\t<h5>Funksjon<\/h5>\n<\/div>\n<div class=\"function\"><\/div>\n<div class=\"name-header\">\n\t<h5>Navn<\/h5>\n<\/div>\n<div class=\"name\">wp-wpml_current_admin_language_d41d8cd98f00b204e9800998ecf8427e<\/div>\n<div class=\"retention-header\">\n\t<h5>Utl\u00f8p<\/h5>\n<\/div>\n<div class=\"retention\"><\/div>\n<div class=\"function-header\">\n\t<h5>Funksjon<\/h5>\n<\/div>\n<div class=\"function\"><\/div>\n<div class=\"name-header\">\n\t<h5>Navn<\/h5>\n<\/div>\n<div class=\"name\">uncode_privacy[consent_types]<\/div>\n<div class=\"retention-header\">\n\t<h5>Utl\u00f8p<\/h5>\n<\/div>\n<div class=\"retention\"><\/div>\n<div class=\"function-header\">\n\t<h5>Funksjon<\/h5>\n<\/div>\n<div class=\"function\"><\/div>\n<div class=\"name-header\">\n\t<h5>Navn<\/h5>\n<\/div>\n<div class=\"name\">uncode_privacy[privacy_bar]<\/div>\n<div class=\"retention-header\">\n\t<h5>Utl\u00f8p<\/h5>\n<\/div>\n<div class=\"retention\"><\/div>\n<div class=\"function-header\">\n\t<h5>Funksjon<\/h5>\n<\/div>\n<div class=\"function\"><\/div>\n<div class=\"name-header\">\n\t<h5>Navn<\/h5>\n<\/div>\n<div class=\"name\">uncode_privacy<\/div>\n<div class=\"retention-header\">\n\t<h5>Utl\u00f8p<\/h5>\n<\/div>\n<div class=\"retention\"><\/div>\n<div class=\"function-header\">\n\t<h5>Funksjon<\/h5>\n<\/div>\n<div class=\"function\"><\/div>\n<div class=\"name-header\">\n\t<h5>Navn<\/h5>\n<\/div>\n<div class=\"name\">uncode_privacyprivacy_bar<\/div>\n<div class=\"retention-header\">\n\t<h5>Utl\u00f8p<\/h5>\n<\/div>\n<div class=\"retention\"><\/div>\n<div class=\"function-header\">\n\t<h5>Funksjon<\/h5>\n<\/div>\n<div class=\"function\"><\/div>\n<div class=\"name-header\">\n\t<h5>Navn<\/h5>\n<\/div>\n<div class=\"name\">ate-maiya-info_35303236-3032-5938-b264-623838646137<\/div>\n<div class=\"retention-header\">\n\t<h5>Utl\u00f8p<\/h5>\n<\/div>\n<div class=\"retention\"><\/div>\n<div class=\"function-header\">\n\t<h5>Funksjon<\/h5>\n<\/div>\n<div class=\"function\"><\/div>\n<div class=\"name-header\">\n\t<h5>Navn<\/h5>\n<\/div>\n<div class=\"name\">__darkreader__wasEnabledForHost<\/div>\n<div class=\"retention-header\">\n\t<h5>Utl\u00f8p<\/h5>\n<\/div>\n<div class=\"retention\"><\/div>\n<div class=\"function-header\">\n\t<h5>Funksjon<\/h5>\n<\/div>\n<div class=\"function\"><\/div>\n\n<\/div>\n<\/details>\n<\/div><h2>7. Samtykke<\/h2><p>N\u00e5r du bes\u00f8ker nettstedet v\u00e5rt for f\u00f8rste gang, vil vi vise deg en pop-up med en forklaring om informasjonskapsler. S\u00e5 snart du klikker p\u00e5 &laquo;Lagre preferanser&raquo;, samtykker du til at vi bruker alle informasjonskapsler og utvidelsesmoduler som beskrevet i popup-vinduet og erkl\u00e6ringen for informasjonskapsler. Du kan sl\u00e5 av bruken av informasjonskapsler via nettleseren din, men v\u00e6r oppmerksom p\u00e5 at nettstedet v\u00e5rt da kanskje ikke lenger fungerer som det skal.<\/p><p class=\"cmplz-subtitle\">7.1 Administrer samtykkeinnstillingene dine<\/p><div id=\"cmplz-manage-consent-container-nojavascript\">Du har lastet infokapsel-erkl\u00e6ringen uten st\u00f8tte for javascript.&nbsp;P\u00e5 AMP kan du bruke administrer samtykke-knappen nederst p\u00e5 siden.<\/div><div id=\"cmplz-manage-consent-container\" name=\"cmplz-manage-consent-container\" class=\"cmplz-manage-consent-container\"><\/div><h2>8. Sl\u00e5 p\u00e5\/av og sletting av informasjonskapsler<\/h2><p>Du kan bruke nettleseren til automatisk eller manuelt \u00e5 slette cookies. Du kan ogs\u00e5 spesifisere at visse cookies ikke kan plasseres. Et annet alternativ er \u00e5 endre innstillingene for nettleseren din slik at du mottar en melding hver gang en cookies plasseres. For mer informasjon om disse alternativene, se instruksjonene i Hjelp-delen i nettleseren.<\/p><p>Merk at nettstedet v\u00e5rt kanskje ikke vil fungere skikkelig hvis alle infokapsler er sl\u00e5tt av. Hvis du sletter alle infokapsler i nettleseren din, vil de komme tilbake igjen hvis du samtykker til det n\u00e5r du bes\u00f8ker nettstedet v\u00e5rt igjen.<\/p><h2>9. Dine rettigheter med hensyn til dine personlige data<\/h2><p>Du har f\u00f8lgende rettigheter med hensyn til dine personopplysninger:<\/p><ul>\n                    <li>Du har krav p\u00e5 \u00e5 f\u00e5 vite hvorfor dine personopplysninger trengs, hva som vil skje med dem, og hvor lenge de vil bli oppbevart.<\/li>\n                    <li>Rett til innsyn: Du har rett til innsyn i dine personopplysninger som er kjent for oss.<\/li>\n                    <li>Rett til retting: Du har rett til \u00e5 tilf\u00f8ye, korrigere, og \u00e5 ha dine personlige data slettet eller blokkert n\u00e5r du m\u00e5tte \u00f8nske det..<\/li>\n                    <li>Hvis du gir oss ditt samtykke til \u00e5 behandle dataene dine, har du rett til \u00e5 tilbakekalle samtykket og \u00e5 f\u00e5 dine personlige data slettet.<\/li>\n                    <li>Rett til \u00e5 overf\u00f8re dine data: du har rett til \u00e5 be om alle dine personopplysninger fra behandlingsansvarlig og overf\u00f8re dem i sin helhet til en annen behandlingsansvarlig.<\/li>\n                    <li>Rett til \u00e5 nekte: Du kan nekte at dine data blir behandlet. Vi etterkommer dette med mindre det er berettige grunner for behandling.<\/li>\n                <\/ul><p>For \u00e5 ut\u00f8ve disse rettighetene, kontakt oss. Se kontaktinformasjonen nederst i denne infokapsel-erkl\u00e6ringen. Hvis du har en klage p\u00e5 hvordan vi h\u00e5ndterer opplysningene dine, vil vi gjerne h\u00f8re fra deg, men du har ogs\u00e5 rett til \u00e5 sende inn en klage til tilsynsmyndigheten (Datatilsynet).<\/p><h2>10. Kontaktdetaljer<\/h2><p>For sp\u00f8rsm\u00e5l og\/eller kommentarer om v\u00e5re retningslinjer for informasjonskapsler og denne erkl\u00e6ringen, kontakt oss ved \u00e5 bruke f\u00f8lgende kontaktinformasjon:<\/p><p><span class=\"cmplz-contact-organisation\">Nutrimar AS<\/span><br>\n                      <span class=\"cmplz-contact-address\">Havnegata 7, 7010 Trondheim<\/span><br>\n                      <span class=\"cmplz-contact-country\">Norge<\/span><br>\n                      <span class=\"cmplz-contact-domain\">Nettsted: <a href=\"https:\/\/nutrimar.no\/no\/\">https:\/\/nutrimar.no\/no\/<\/a><\/span><br>\n                      <span class=\"cmplz-contact-email\">E-post: <span class=\"cmplz-obfuscate\">p&#111;&#115;t@<span class=\"cmplz-fmail-domain\">ex&#046;com<\/span>&#110;&#117;t&#114;ima&#114;.&#110;o<\/span><\/span><br>\n                    <span class=\"cmplz-contact-telephone\">Telefonnr: 902 25 767<\/span><\/p><p>Denne infokapsel-erkl\u00e6ringen ble synkronisert med <a href=\"https:\/\/cookiedatabase.org\/\" target=\"_blank\">cookiedatabase.org<\/a> 12. mai 2024.<\/p><\/div>","protected":false},"excerpt":{"rendered":"","protected":false},"author":1,"featured_media":0,"parent":0,"menu_order":0,"comment_status":"closed","ping_status":"closed","template":"","meta":{"slim_seo":{"title":"Personvernerkl\u00e6ring - Nutrimar AS","description":""},"footnotes":""},"class_list":["post-1088","page","type-page","status-publish"],"_links":{"self":[{"href":"https:\/\/nutrimar.no\/no\/wp-json\/wp\/v2\/pages\/1088","targetHints":{"allow":["GET"]}}],"collection":[{"href":"https:\/\/nutrimar.no\/no\/wp-json\/wp\/v2\/pages"}],"about":[{"href":"https:\/\/nutrimar.no\/no\/wp-json\/wp\/v2\/types\/page"}],"author":[{"embeddable":true,"href":"https:\/\/nutrimar.no\/no\/wp-json\/wp\/v2\/users\/1"}],"replies":[{"embeddable":true,"href":"https:\/\/nutrimar.no\/no\/wp-json\/wp\/v2\/comments?post=1088"}],"version-history":[{"count":0,"href":"https:\/\/nutrimar.no\/no\/wp-json\/wp\/v2\/pages\/1088\/revisions"}],"wp:attachment":[{"href":"https:\/\/nutrimar.no\/no\/wp-json\/wp\/v2\/media?parent=1088"}],"curies":[{"name":"wp","href":"https:\/\/api.w.org\/{rel}","templated":true}]}}