{"id":18,"date":"2024-01-24T13:49:25","date_gmt":"2024-01-24T13:49:25","guid":{"rendered":"http:\/\/nutrimar.no.vinnvinn.io\/?page_id=18"},"modified":"2025-06-18T11:59:54","modified_gmt":"2025-06-18T09:59:54","slug":"hjem","status":"publish","type":"page","link":"https:\/\/nutrimar.no\/no\/","title":{"rendered":"Hjem"},"content":{"rendered":"\n<figure class=\"gb-block-image gb-block-image-dc095f4c\"><img loading=\"lazy\" decoding=\"async\" width=\"1920\" height=\"1076\" class=\"gb-image gb-image-dc095f4c\" src=\"https:\/\/nutrimar.no\/wp-content\/uploads\/2025\/06\/nutrimar-hero-1.jpg\" alt=\"Nutrimar hero 1\" title=\"nutrimar-hero-1\" srcset=\"https:\/\/nutrimar.no\/wp-content\/uploads\/2025\/06\/nutrimar-hero-1.jpg 1920w, https:\/\/nutrimar.no\/wp-content\/uploads\/2025\/06\/nutrimar-hero-1-300x168.jpg 300w, https:\/\/nutrimar.no\/wp-content\/uploads\/2025\/06\/nutrimar-hero-1-1024x574.jpg 1024w, https:\/\/nutrimar.no\/wp-content\/uploads\/2025\/06\/nutrimar-hero-1-768x430.jpg 768w, https:\/\/nutrimar.no\/wp-content\/uploads\/2025\/06\/nutrimar-hero-1-1536x861.jpg 1536w\" sizes=\"auto, (max-width: 1920px) 100vw, 1920px\" \/><\/figure>\n\n\n<div class=\"gb-container gb-container-5c5e4e83 gb-container-23c41f85\">\n<div class=\"gb-container gb-container-bfadf3a3\">\n\n<h1 class=\"gb-headline gb-headline-d80652c0 gb-headline-text gb-headline-35fff5d7\">KLIMAVENNLIGE, MARINE R\u00c5VARER<\/h1>\n\n\n\n<p class=\"has-text-align-center\">Ytterst p\u00e5 norskekysten er det mye v\u00e6r og mye hav. Her ute h\u00f8ster og samler vi inn ferske, marine r\u00e5varer som vi foredler videre til naturlige og n\u00e6ringsrike ingredienser med mange bruksomr\u00e5der.<\/p>\n\n\n\n<a class=\"gb-button gb-button-e4c67958 gb-button-2203120c main-btn\" href=\"\/om-oss\/\"><span class=\"gb-icon\"><svg viewBox=\"0 0 900 1000\" clip-rule=\"evenodd\" stroke-miterlimit=\"2\" stroke-linejoin=\"round\" fill-rule=\"evenodd\" xml:space=\"preserve\" xmlns=\"http:\/\/www.w3.org\/2000\/svg\">   <path d=\"M478.542 24.135595v-.329017h-48.6312435c-135.7195125 0-243.2574535 41.785159-319.6147065 124.2292265C-3.0503065 270.417474-1.164786 434.040159.3664085 465.828263v534.171754H186.855775V463.221436l-.1645085-5.694525c-.0632725-1.113596-5.0997635-111.7771985 60.6530185-181.794547 39.684512-42.2533755 101.0968005-63.677444 182.5664715-63.677444h40.190692c81.469671 0 142.8819595 21.4240685 182.5664715 63.677444 65.752782 70.0173485 60.7036365 180.680951 60.6783275 181.1744765l-.202472 543.0931765H899.633142V465.8409175c1.5311945-31.788104 3.4293695-195.4234435-109.916987-317.805113C714.978678 67.3507125 610.199418 25.881916 478.542 24.135595\" fill-rule=\"nonzero\" fill=\"#fff\"><\/path> <\/svg><\/span><span class=\"gb-button-text\">Om oss<\/span><\/a>\n\n<\/div>\n<\/div>\n\n<div class=\"gb-container gb-container-c3773c1e\">\n<div class=\"gb-container gb-container-97bc6ff3\">\n\n<figure class=\"gb-block-image gb-block-image-c2480900\"><img loading=\"lazy\" decoding=\"async\" width=\"900\" height=\"1000\" class=\"gb-image gb-image-c2480900\" src=\"https:\/\/nutrimar.no\/wp-content\/uploads\/2024\/01\/Nutrimar-N.svg\" alt=\"\" title=\"Nutrimar N\"\/><\/figure>\n\n<\/div>\n\n<div class=\"gb-container gb-container-791caee8\">\n\n<h2 class=\"gb-headline gb-headline-948ff0ec gb-headline-text gb-headline-35fff5d7\">V\u00c5RE PRODUKTER<\/h2>\n\n\n\n<p class=\"has-base-3-color has-text-color has-link-color wp-elements-79e8e2ac69f2205d2856a7c3c64a5256\">Kortreiste og ferske ingredienser fra stortare og atlantisk laks<\/p>\n\n\n\n<a class=\"gb-button gb-button-a8175319 gb-button-text gb-button-6d466503 btn-lineheight\" href=\"\/marine-ingredienser\/\">Se produkter<strong> <\/strong><\/a>\n\n<\/div>\n<\/div>\n\n<div class=\"gb-container gb-container-5cb9fe61 gb-container-7129df02\">\n<div class=\"gb-container gb-container-5ae1f655 gb-container-6d6b3d5e\">\n<div class=\"gb-container gb-container-f70769a3\">\n\n<h1 class=\"gb-headline gb-headline-3cf19c38 gb-headline-text gb-headline-35fff5d7\">NYHETER<\/h1>\n\n\n\n<p class=\"has-text-align-center\"><\/p>\n\n<\/div>\n<\/div>\n\n\n<div style=\"height:0px\" aria-hidden=\"true\" class=\"wp-block-spacer\"><\/div>\n\n\n<div class=\"gb-container gb-container-e11fddd4\">\n\n<div class=\"gb-grid-wrapper gb-grid-wrapper-cfc61a44 gb-query-loop-wrapper\">\n<div class=\"gb-grid-column gb-grid-column-a36c065f gb-query-loop-item post-1130 post type-post status-publish format-standard has-post-thumbnail hentry category-uncategorized-no\"><div class=\"gb-container gb-container-a36c065f\">\n<figure class=\"gb-block-image gb-block-image-e30e6b5c\"><a href=\"https:\/\/nutrimar.no\/no\/en-ide-som-ble-til-noe-stort\/\"><img loading=\"lazy\" decoding=\"async\" width=\"1164\" height=\"655\" src=\"https:\/\/nutrimar.no\/wp-content\/uploads\/2024\/04\/fabrikk_jornolje_liggende.jpg\" class=\"gb-image-e30e6b5c\" alt=\"Fabrikk j\u00f8rnolje liggende\" srcset=\"https:\/\/nutrimar.no\/wp-content\/uploads\/2024\/04\/fabrikk_jornolje_liggende.jpg 1164w, https:\/\/nutrimar.no\/wp-content\/uploads\/2024\/04\/fabrikk_jornolje_liggende-300x169.jpg 300w, https:\/\/nutrimar.no\/wp-content\/uploads\/2024\/04\/fabrikk_jornolje_liggende-1024x576.jpg 1024w, https:\/\/nutrimar.no\/wp-content\/uploads\/2024\/04\/fabrikk_jornolje_liggende-768x432.jpg 768w\" sizes=\"auto, (max-width: 1164px) 100vw, 1164px\" \/><\/a><\/figure>\n\n<h2 class=\"gb-headline gb-headline-fac75905 gb-headline-text gb-headline-0c3e082b\"><a href=\"https:\/\/nutrimar.no\/no\/en-ide-som-ble-til-noe-stort\/\">En id\u00e9 som ble til noe stort<\/a><\/h2>\n\n<div class=\"gb-headline gb-headline-db440047 gb-headline-text\">Nutrimar ble i 2006 grunnlagt for \u00e5 bidra til ei mer b\u00e6rekraftig havn\u00e6ring. Base ble p\u00e5 v\u00e6rharde og driftige Fr\u00f8ya. Se filmen der grunnlegger Gustav Witz\u00f8e og v\u00e5re ansatte forteller om den eventyrlige veksten og den store muligheten som ligger foran oss.<\/div>\n\n<a class=\"gb-button gb-button-10684cf7 btn-lineheight gb-button-text gb-button-6d466503\" href=\"https:\/\/nutrimar.no\/no\/en-ide-som-ble-til-noe-stort\/\">Les mer<\/a>\n<\/div><\/div>\n\n<div class=\"gb-grid-column gb-grid-column-a36c065f gb-query-loop-item post-1122 post type-post status-publish format-standard has-post-thumbnail hentry category-uncategorized-no\"><div class=\"gb-container gb-container-a36c065f\">\n<figure class=\"gb-block-image gb-block-image-e30e6b5c\"><a href=\"https:\/\/nutrimar.no\/no\/100-av-laksen-i-bruk-og-helhetlige-verdikjeder-i-havbruket\/\"><img loading=\"lazy\" decoding=\"async\" width=\"1591\" height=\"895\" src=\"https:\/\/nutrimar.no\/wp-content\/uploads\/2024\/04\/tare_liggende.jpg\" class=\"gb-image-e30e6b5c\" alt=\"Tare liggende\" srcset=\"https:\/\/nutrimar.no\/wp-content\/uploads\/2024\/04\/tare_liggende.jpg 1591w, https:\/\/nutrimar.no\/wp-content\/uploads\/2024\/04\/tare_liggende-300x169.jpg 300w, https:\/\/nutrimar.no\/wp-content\/uploads\/2024\/04\/tare_liggende-1024x576.jpg 1024w, https:\/\/nutrimar.no\/wp-content\/uploads\/2024\/04\/tare_liggende-768x432.jpg 768w, https:\/\/nutrimar.no\/wp-content\/uploads\/2024\/04\/tare_liggende-1536x864.jpg 1536w\" sizes=\"auto, (max-width: 1591px) 100vw, 1591px\" \/><\/a><\/figure>\n\n<h2 class=\"gb-headline gb-headline-fac75905 gb-headline-text gb-headline-0c3e082b\"><a href=\"https:\/\/nutrimar.no\/no\/100-av-laksen-i-bruk-og-helhetlige-verdikjeder-i-havbruket\/\">Lokale r\u00e5varer for et b\u00e6rekraftig f\u00f4r<\/a><\/h2>\n\n<div class=\"gb-headline gb-headline-db440047 gb-headline-text\">Regjeringen satte seg som m\u00e5l i Hurdalsplattformen at alt f\u00f4r til norske dyr og fisk skal v\u00e6re 100 prosent b\u00e6rekraftig innen 2030. Da m\u00e5 vi tenke kortreist, nytt og b\u00e6rekraftig, og utnytte de ressursene vi allerede har tilgjengelig her hjemme. <\/div>\n\n<a class=\"gb-button gb-button-10684cf7 btn-lineheight gb-button-text gb-button-6d466503\" href=\"https:\/\/nutrimar.no\/no\/100-av-laksen-i-bruk-og-helhetlige-verdikjeder-i-havbruket\/\">Les mer<\/a>\n<\/div><\/div>\n\n<div class=\"gb-grid-column gb-grid-column-a36c065f gb-query-loop-item post-1117 post type-post status-publish format-standard has-post-thumbnail hentry category-uncategorized-no\"><div class=\"gb-container gb-container-a36c065f\">\n<figure class=\"gb-block-image gb-block-image-e30e6b5c\"><a href=\"https:\/\/nutrimar.no\/no\/laks-som-spiser-laks-er-mer-miljovennlig-2\/\"><img loading=\"lazy\" decoding=\"async\" width=\"1889\" height=\"1063\" src=\"https:\/\/nutrimar.no\/wp-content\/uploads\/2024\/04\/stock_oppdrett_liggende.jpeg\" class=\"gb-image-e30e6b5c\" alt=\"Stock oppdrett liggende\" srcset=\"https:\/\/nutrimar.no\/wp-content\/uploads\/2024\/04\/stock_oppdrett_liggende.jpeg 1889w, https:\/\/nutrimar.no\/wp-content\/uploads\/2024\/04\/stock_oppdrett_liggende-300x169.jpeg 300w, https:\/\/nutrimar.no\/wp-content\/uploads\/2024\/04\/stock_oppdrett_liggende-1024x576.jpeg 1024w, https:\/\/nutrimar.no\/wp-content\/uploads\/2024\/04\/stock_oppdrett_liggende-768x432.jpeg 768w, https:\/\/nutrimar.no\/wp-content\/uploads\/2024\/04\/stock_oppdrett_liggende-1536x864.jpeg 1536w\" sizes=\"auto, (max-width: 1889px) 100vw, 1889px\" \/><\/a><\/figure>\n\n<h2 class=\"gb-headline gb-headline-fac75905 gb-headline-text gb-headline-0c3e082b\"><a href=\"https:\/\/nutrimar.no\/no\/laks-som-spiser-laks-er-mer-miljovennlig-2\/\">Laks som spiser laks er mer milj\u00f8vennlig<\/a><\/h2>\n\n<div class=\"gb-headline gb-headline-db440047 gb-headline-text\">N\u00e6ringstispendiat Ingrid Sandbakken i Nutrimar har gjennom grundig forskning bevist at laksen vokser godt og f\u00e5r bedre helse ved \u00e5 f\u00f4res med sine egne proteiner. Dette knuser en gammel myte i havbruket og gir en unik mulighet til en sirkul\u00e6r verdikjede i lakseproduksjonen. <\/div>\n\n<a class=\"gb-button gb-button-10684cf7 btn-lineheight gb-button-text gb-button-6d466503\" href=\"https:\/\/nutrimar.no\/no\/laks-som-spiser-laks-er-mer-miljovennlig-2\/\">Les mer<\/a>\n<\/div><\/div>\n<\/div>\n\n<\/div>\n<\/div>\n\n<div class=\"gb-container gb-container-f4a241fe gb-container-23c41f85\">\n<div class=\"gb-container gb-container-ba00ab65\">\n\n<p><\/p>\n\n\n\n<h2 class=\"gb-headline gb-headline-4e79e510 gb-headline-text gb-headline-35fff5d7\">Ansvar for liv og natur<\/h2>\n\n\n\n<p class=\"has-text-align-center\">Den norske kystlinjen er lang, artsrik og en viktig kilde til sunne og n\u00e6ringsrike r\u00e5varer for en stadig voksende verdensbefolkning. V\u00e5rt oppdrag er \u00e5 sikre og foredle trygge, marine ingredienser med et langt perspektiv p\u00e5 naturressurser, matforsyning og klimaavtrykk.<\/p>\n\n\n\n<a class=\"gb-button gb-button-1bc62a6b gb-button-2203120c main-btn\" href=\"https:\/\/nutrimar.no\/no\/om-oss\/naturlige-og-baerekraftige-ravarer\/\"><span class=\"gb-icon\"><svg viewBox=\"0 0 900 1000\" clip-rule=\"evenodd\" stroke-miterlimit=\"2\" stroke-linejoin=\"round\" fill-rule=\"evenodd\" xml:space=\"preserve\" xmlns=\"http:\/\/www.w3.org\/2000\/svg\">   <path d=\"M478.542 24.135595v-.329017h-48.6312435c-135.7195125 0-243.2574535 41.785159-319.6147065 124.2292265C-3.0503065 270.417474-1.164786 434.040159.3664085 465.828263v534.171754H186.855775V463.221436l-.1645085-5.694525c-.0632725-1.113596-5.0997635-111.7771985 60.6530185-181.794547 39.684512-42.2533755 101.0968005-63.677444 182.5664715-63.677444h40.190692c81.469671 0 142.8819595 21.4240685 182.5664715 63.677444 65.752782 70.0173485 60.7036365 180.680951 60.6783275 181.1744765l-.202472 543.0931765H899.633142V465.8409175c1.5311945-31.788104 3.4293695-195.4234435-109.916987-317.805113C714.978678 67.3507125 610.199418 25.881916 478.542 24.135595\" fill-rule=\"nonzero\" fill=\"#fff\"><\/path> <\/svg><\/span><span class=\"gb-button-text\">Naturlig og b\u00e6rekraftig fra havet<\/span><\/a>\n\n<\/div>\n<\/div>","protected":false},"excerpt":{"rendered":"<p>KLIMAVENNLIGE, MARINE R\u00c5VARER Ytterst p\u00e5 norskekysten er det mye v\u00e6r og mye hav. Her ute h\u00f8ster og samler vi inn ferske, marine r\u00e5varer som vi &#8230; <a title=\"Hjem\" class=\"read-more\" href=\"https:\/\/nutrimar.no\/no\/\" aria-label=\"Read more about Hjem\">Les mer<\/a><\/p>\n","protected":false},"author":1,"featured_media":0,"parent":0,"menu_order":0,"comment_status":"closed","ping_status":"closed","template":"","meta":{"slim_seo":{"title":"Nutrimar AS","description":"Ytterst p\u00e5 norskekysten h\u00f8ster og samler vi inn ferske, marine r\u00e5varer som vi foredler videre til naturlige og n\u00e6ringsrike ingredienser med mange bruksomr\u00e5der.","facebook_image":"https:\/\/nutrimar.no\/wp-content\/uploads\/2024\/06\/Nutrimar-social.jpg"},"footnotes":""},"class_list":["post-18","page","type-page","status-publish"],"_links":{"self":[{"href":"https:\/\/nutrimar.no\/no\/wp-json\/wp\/v2\/pages\/18","targetHints":{"allow":["GET"]}}],"collection":[{"href":"https:\/\/nutrimar.no\/no\/wp-json\/wp\/v2\/pages"}],"about":[{"href":"https:\/\/nutrimar.no\/no\/wp-json\/wp\/v2\/types\/page"}],"author":[{"embeddable":true,"href":"https:\/\/nutrimar.no\/no\/wp-json\/wp\/v2\/users\/1"}],"replies":[{"embeddable":true,"href":"https:\/\/nutrimar.no\/no\/wp-json\/wp\/v2\/comments?post=18"}],"version-history":[{"count":168,"href":"https:\/\/nutrimar.no\/no\/wp-json\/wp\/v2\/pages\/18\/revisions"}],"predecessor-version":[{"id":1675,"href":"https:\/\/nutrimar.no\/no\/wp-json\/wp\/v2\/pages\/18\/revisions\/1675"}],"wp:attachment":[{"href":"https:\/\/nutrimar.no\/no\/wp-json\/wp\/v2\/media?parent=18"}],"curies":[{"name":"wp","href":"https:\/\/api.w.org\/{rel}","templated":true}]}}