{"id":197,"date":"2024-02-19T10:01:04","date_gmt":"2024-02-19T10:01:04","guid":{"rendered":"http:\/\/nutrimar.no.vinnvinn.io\/?page_id=197"},"modified":"2025-06-18T14:20:08","modified_gmt":"2025-06-18T12:20:08","slug":"baerekraftig-ravare","status":"publish","type":"page","link":"https:\/\/nutrimar.no\/no\/baerekraftig-ravare\/","title":{"rendered":"B\u00e6rekraftig r\u00e5vare"},"content":{"rendered":"<div class=\"gb-container gb-container-5ae1f655 gb-container-23c41f85\">\n<div class=\"gb-container gb-container-f70769a3\">\n\n<h1 class=\"gb-headline gb-headline-3cf19c38 gb-headline-text gb-headline-35fff5d7\">B\u00c6REKRAFTIG R\u00c5VARE<\/h1>\n\n\n\n<p class=\"has-text-align-center\">\u00c5 produsere nok mat med minst mulig klimaavtrykk er et av de viktigste oppdragene noensinne, og gjennom god forvaltning og foredling av den naturlige og n\u00e6ringsrike biomassen vi har tilgjengelig under havflaten kan mye l\u00f8ses.<\/p>\n\n<\/div>\n<\/div>\n\n<div class=\"gb-container gb-container-8ae40089\">\n<div class=\"gb-grid-wrapper gb-grid-wrapper-8bf8ef1c\">\n<div class=\"gb-grid-column gb-grid-column-93770288\"><div class=\"gb-container gb-container-93770288 square\">\n\n<figure class=\"gb-block-image gb-block-image-6c5fb22b\"><img loading=\"lazy\" decoding=\"async\" width=\"900\" height=\"1000\" class=\"gb-image gb-image-6c5fb22b\" src=\"https:\/\/nutrimar.no\/wp-content\/uploads\/2024\/01\/Nutrimar-N.svg\" alt=\"\" title=\"Nutrimar N\"\/><\/figure>\n\n<\/div><\/div>\n\n<div class=\"gb-grid-column gb-grid-column-544e5887\"><div class=\"gb-container gb-container-544e5887\">\n\n<h2 class=\"gb-headline gb-headline-50bbdbc8 gb-headline-text gb-headline-0c3e082b\">R\u00e5stoff fra laks<\/h2>\n\n\n\n<p>Atlantisk laks (salmo salar) er en av de mest verdifulle marine ressursene i norske farvann og har stor \u00f8konomisk betydning for Norge. Avskj\u00e6r er et verdifullt r\u00e5stoff som vi foredler til premium omega-3-olje og proteinrike ingredienser til verdensmarkedet.<\/p>\n\n\n\n<a class=\"gb-button gb-button-10684cf7 gb-button-text gb-button-6d466503 btn-lineheight btn-border-width\" href=\"\/no\/marine-ingredienser\/biprodukter-fra-laks\/\">Se produkter<\/a>\n\n<\/div><\/div>\n<\/div>\n<\/div>\n\n<div class=\"gb-container gb-container-90709470 gb-container-23c41f85\">\n<div class=\"gb-container gb-container-05c42a30\">\n\n<h2 class=\"gb-headline gb-headline-4e79e510 gb-headline-text gb-headline-35fff5d7\">Ansvar for liv og natur<\/h2>\n\n\n\n<p class=\"has-text-align-center\">Den norske kystlinjen er lang, artsrik og en viktig kilde til sunne og n\u00e6ringsrike r\u00e5varer for en stadig voksende verdensbefolkning. V\u00e5rt oppdrag er \u00e5 sikre og foredle b\u00e6rekraftige og trygge marine ingredienser med et langt perspektiv.<\/p>\n\n\n\n<a class=\"gb-button gb-button-1bc62a6b gb-button-2203120c main-btn\" href=\"\/no\/om-oss\/naturlige-og-baerekraftige-ravarer\/\"><span class=\"gb-icon\"><svg viewBox=\"0 0 900 1000\" clip-rule=\"evenodd\" stroke-miterlimit=\"2\" stroke-linejoin=\"round\" fill-rule=\"evenodd\" xml:space=\"preserve\" xmlns=\"http:\/\/www.w3.org\/2000\/svg\">   <path d=\"M478.542 24.135595v-.329017h-48.6312435c-135.7195125 0-243.2574535 41.785159-319.6147065 124.2292265C-3.0503065 270.417474-1.164786 434.040159.3664085 465.828263v534.171754H186.855775V463.221436l-.1645085-5.694525c-.0632725-1.113596-5.0997635-111.7771985 60.6530185-181.794547 39.684512-42.2533755 101.0968005-63.677444 182.5664715-63.677444h40.190692c81.469671 0 142.8819595 21.4240685 182.5664715 63.677444 65.752782 70.0173485 60.7036365 180.680951 60.6783275 181.1744765l-.202472 543.0931765H899.633142V465.8409175c1.5311945-31.788104 3.4293695-195.4234435-109.916987-317.805113C714.978678 67.3507125 610.199418 25.881916 478.542 24.135595\" fill-rule=\"nonzero\" fill=\"#fff\"><\/path> <\/svg><\/span><span class=\"gb-button-text\">Naturlig og b\u00e6rekraftig fra havet<\/span><\/a>\n\n<\/div>\n<\/div>","protected":false},"excerpt":{"rendered":"<p>B\u00c6REKRAFTIG R\u00c5VARE \u00c5 produsere nok mat med minst mulig klimaavtrykk er et av de viktigste oppdragene noensinne, og gjennom god forvaltning og foredling av den &#8230; <a title=\"B\u00e6rekraftig r\u00e5vare\" class=\"read-more\" href=\"https:\/\/nutrimar.no\/no\/baerekraftig-ravare\/\" aria-label=\"Read more about B\u00e6rekraftig r\u00e5vare\">Les mer<\/a><\/p>\n","protected":false},"author":1,"featured_media":0,"parent":0,"menu_order":0,"comment_status":"closed","ping_status":"closed","template":"","meta":{"slim_seo":{"title":"B\u00e6rekraftig r\u00e5vare - Nutrimar AS","description":""},"footnotes":""},"class_list":["post-197","page","type-page","status-publish"],"_links":{"self":[{"href":"https:\/\/nutrimar.no\/no\/wp-json\/wp\/v2\/pages\/197","targetHints":{"allow":["GET"]}}],"collection":[{"href":"https:\/\/nutrimar.no\/no\/wp-json\/wp\/v2\/pages"}],"about":[{"href":"https:\/\/nutrimar.no\/no\/wp-json\/wp\/v2\/types\/page"}],"author":[{"embeddable":true,"href":"https:\/\/nutrimar.no\/no\/wp-json\/wp\/v2\/users\/1"}],"replies":[{"embeddable":true,"href":"https:\/\/nutrimar.no\/no\/wp-json\/wp\/v2\/comments?post=197"}],"version-history":[{"count":57,"href":"https:\/\/nutrimar.no\/no\/wp-json\/wp\/v2\/pages\/197\/revisions"}],"predecessor-version":[{"id":1708,"href":"https:\/\/nutrimar.no\/no\/wp-json\/wp\/v2\/pages\/197\/revisions\/1708"}],"wp:attachment":[{"href":"https:\/\/nutrimar.no\/no\/wp-json\/wp\/v2\/media?parent=197"}],"curies":[{"name":"wp","href":"https:\/\/api.w.org\/{rel}","templated":true}]}}