{"id":243,"date":"2024-02-19T12:11:59","date_gmt":"2024-02-19T12:11:59","guid":{"rendered":"http:\/\/nutrimar.no.vinnvinn.io\/?page_id=243"},"modified":"2025-06-18T13:45:03","modified_gmt":"2025-06-18T11:45:03","slug":"om-oss","status":"publish","type":"page","link":"https:\/\/nutrimar.no\/no\/om-oss\/","title":{"rendered":"Om oss"},"content":{"rendered":"<div class=\"gb-container gb-container-90709470 gb-container-23c41f85\">\n<div class=\"gb-container gb-container-05c42a30\">\n\n<h1 class=\"gb-headline gb-headline-3cf19c38 gb-headline-text gb-headline-35fff5d7\">OM NUTRIMAR<\/h1>\n\n\n\n<p class=\"has-text-align-center\">Den bl\u00e5 \u00e5keren er en stor kilde til viktige r\u00e5varer og sunn n\u00e6ring &#8211; og den naturgitte kystlinjen i Norge er en stor bidragsyter. Nutrimar ble i 2006 grunnlagt for \u00e5 bidra til ei mer b\u00e6rekraftig havn\u00e6ring, med base p\u00e5 v\u00e6rharde Fr\u00f8ya. Grunnid\u00e8en var \u00e5 utnytte rest-r\u00e5stoffet (bi-produktene) fra den voksende laksen\u00e6ringen og foredle dette til nye og n\u00e6ringsrike produkter. I dag s\u00f8rger vi for at 100 % av hver laks som h\u00f8stes fra merdene utvinnes p\u00e5 aller beste m\u00e5te.<\/p>\n\n\n\n<p class=\"has-text-align-center\"><strong>V\u00e5r drivkraft er \u00e5 produsere ferske og klimavennlige marine ingredienser verden trenger.<\/strong><\/p>\n\n\n\n<p class=\"has-text-align-center\">Nutrimar har 60 ansatte, fordelt p\u00e5 hovedkontoret i Trondheim og ved fabrikken p\u00e5 Fr\u00f8ya. Vi eies av investeringsselskapet Kverva Industrier AS og sammen skaper vi b\u00e6rekraftige, langsiktige og attraktive l\u00f8sninger i den viktige havn\u00e6ringen v\u00e5r.<\/p>\n\n\n\n<p><\/p>\n\n\n\n<a class=\"gb-button gb-button-1bc62a6b gb-button-2203120c main-btn\" href=\"\/naturlige-og-baerekraftige-ravarer\/\"><span class=\"gb-icon\"><svg viewBox=\"0 0 900 1000\" clip-rule=\"evenodd\" stroke-miterlimit=\"2\" stroke-linejoin=\"round\" fill-rule=\"evenodd\" xml:space=\"preserve\" xmlns=\"http:\/\/www.w3.org\/2000\/svg\">   <path d=\"M478.542 24.135595v-.329017h-48.6312435c-135.7195125 0-243.2574535 41.785159-319.6147065 124.2292265C-3.0503065 270.417474-1.164786 434.040159.3664085 465.828263v534.171754H186.855775V463.221436l-.1645085-5.694525c-.0632725-1.113596-5.0997635-111.7771985 60.6530185-181.794547 39.684512-42.2533755 101.0968005-63.677444 182.5664715-63.677444h40.190692c81.469671 0 142.8819595 21.4240685 182.5664715 63.677444 65.752782 70.0173485 60.7036365 180.680951 60.6783275 181.1744765l-.202472 543.0931765H899.633142V465.8409175c1.5311945-31.788104 3.4293695-195.4234435-109.916987-317.805113C714.978678 67.3507125 610.199418 25.881916 478.542 24.135595\" fill-rule=\"nonzero\" fill=\"#fff\"><\/path> <\/svg><\/span><span class=\"gb-button-text\">Naturlig og b\u00e6rekraftig fra havet <\/span><\/a>\n\n<\/div>\n\n<div class=\"gb-container gb-container-30429435\">\n\n<div style=\"height:113px\" aria-hidden=\"true\" class=\"wp-block-spacer\"><\/div>\n\n<\/div>\n\n\n<figure class=\"wp-block-embed is-type-video is-provider-youtube wp-block-embed-youtube wp-embed-aspect-16-9 wp-has-aspect-ratio\"><div class=\"wp-block-embed__wrapper\">\n<iframe loading=\"lazy\" title=\"Historien om Nutrimar: En id\u00e9 som ble til noe stort\" width=\"1200\" height=\"675\" src=\"https:\/\/www.youtube.com\/embed\/C_S9R4ypC3M?feature=oembed\" frameborder=\"0\" allow=\"accelerometer; autoplay; clipboard-write; encrypted-media; gyroscope; picture-in-picture; web-share\" referrerpolicy=\"strict-origin-when-cross-origin\" allowfullscreen><\/iframe>\n<\/div><\/figure>\n\n<\/div>\n\n<div class=\"gb-container gb-container-8b1dc4d7 gb-container-23c41f85\">\n<div class=\"gb-container gb-container-5e5b6aa0\">\n\n<h2 class=\"gb-headline gb-headline-4e79e510 gb-headline-text gb-headline-35fff5d7\">KONTAKT OSS<\/h2>\n\n\n\n<p class=\"has-text-align-center\">Vil du vite mer om Nutrimar, produktene vi lager eller bes\u00f8ke oss?<\/p>\n\n\n\n<a class=\"gb-button gb-button-8dc7607b gb-button-2203120c main-btn\" href=\"\/kontakt\/\"><span class=\"gb-icon\"><svg viewBox=\"0 0 900 1000\" clip-rule=\"evenodd\" stroke-miterlimit=\"2\" stroke-linejoin=\"round\" fill-rule=\"evenodd\" xml:space=\"preserve\" xmlns=\"http:\/\/www.w3.org\/2000\/svg\">   <path d=\"M478.542 24.135595v-.329017h-48.6312435c-135.7195125 0-243.2574535 41.785159-319.6147065 124.2292265C-3.0503065 270.417474-1.164786 434.040159.3664085 465.828263v534.171754H186.855775V463.221436l-.1645085-5.694525c-.0632725-1.113596-5.0997635-111.7771985 60.6530185-181.794547 39.684512-42.2533755 101.0968005-63.677444 182.5664715-63.677444h40.190692c81.469671 0 142.8819595 21.4240685 182.5664715 63.677444 65.752782 70.0173485 60.7036365 180.680951 60.6783275 181.1744765l-.202472 543.0931765H899.633142V465.8409175c1.5311945-31.788104 3.4293695-195.4234435-109.916987-317.805113C714.978678 67.3507125 610.199418 25.881916 478.542 24.135595\" fill-rule=\"nonzero\" fill=\"#fff\"><\/path> <\/svg><\/span><span class=\"gb-button-text\">Se folk &amp; lokasjoner<\/span><\/a>\n\n<\/div>\n<\/div>","protected":false},"excerpt":{"rendered":"<p>OM NUTRIMAR Den bl\u00e5 \u00e5keren er en stor kilde til viktige r\u00e5varer og sunn n\u00e6ring &#8211; og den naturgitte kystlinjen i Norge er en stor &#8230; <a title=\"Om oss\" class=\"read-more\" href=\"https:\/\/nutrimar.no\/no\/om-oss\/\" aria-label=\"Read more about Om oss\">Les mer<\/a><\/p>\n","protected":false},"author":1,"featured_media":0,"parent":0,"menu_order":0,"comment_status":"closed","ping_status":"closed","template":"","meta":{"slim_seo":{"title":"Om oss - Nutrimar AS","description":""},"footnotes":""},"class_list":["post-243","page","type-page","status-publish"],"_links":{"self":[{"href":"https:\/\/nutrimar.no\/no\/wp-json\/wp\/v2\/pages\/243","targetHints":{"allow":["GET"]}}],"collection":[{"href":"https:\/\/nutrimar.no\/no\/wp-json\/wp\/v2\/pages"}],"about":[{"href":"https:\/\/nutrimar.no\/no\/wp-json\/wp\/v2\/types\/page"}],"author":[{"embeddable":true,"href":"https:\/\/nutrimar.no\/no\/wp-json\/wp\/v2\/users\/1"}],"replies":[{"embeddable":true,"href":"https:\/\/nutrimar.no\/no\/wp-json\/wp\/v2\/comments?post=243"}],"version-history":[{"count":49,"href":"https:\/\/nutrimar.no\/no\/wp-json\/wp\/v2\/pages\/243\/revisions"}],"predecessor-version":[{"id":1684,"href":"https:\/\/nutrimar.no\/no\/wp-json\/wp\/v2\/pages\/243\/revisions\/1684"}],"wp:attachment":[{"href":"https:\/\/nutrimar.no\/no\/wp-json\/wp\/v2\/media?parent=243"}],"curies":[{"name":"wp","href":"https:\/\/api.w.org\/{rel}","templated":true}]}}