{"id":248,"date":"2024-02-19T12:16:36","date_gmt":"2024-02-19T12:16:36","guid":{"rendered":"http:\/\/nutrimar.no.vinnvinn.io\/?page_id=248"},"modified":"2026-04-13T14:13:35","modified_gmt":"2026-04-13T12:13:35","slug":"kontakt","status":"publish","type":"page","link":"https:\/\/nutrimar.no\/no\/kontakt\/","title":{"rendered":"Kontakt"},"content":{"rendered":"<div class=\"gb-container gb-container-5ae1f655 gb-container-23c41f85\">\n<div class=\"gb-container gb-container-f70769a3\">\n\n<h1 class=\"gb-headline gb-headline-73c26ce4 gb-headline-text gb-headline-35fff5d7\">VI ER DER R\u00c5VARENE ER<\/h1>\n\n\n\n<p class=\"has-text-align-center\">Det dynamiske \u00f8ysamfunnet Fr\u00f8ya ligger godt til for sj\u00f8matproduksjon og h\u00f8sting fra det viltre havet. Her ute foredler vi det verdifulle og n\u00e6ringsrike r\u00e5stoffet fra oppdrettslaksen.<\/p>\n\n<\/div>\n<\/div>\n\n<div class=\"gb-container gb-container-8ae40089\">\n<div class=\"gb-grid-wrapper gb-grid-wrapper-8bf8ef1c\">\n<div class=\"gb-grid-column gb-grid-column-544e5887\"><div class=\"gb-container gb-container-544e5887\">\n\n<h2 class=\"gb-headline gb-headline-5944a4aa gb-headline-text gb-headline-0c3e082b\">Produksjonsanlegget p\u00e5 Fr\u00f8ya<\/h2>\n\n\n\n<p class=\"gb-headline gb-headline-29ade183 gb-headline-text\">Produksjon, lager og logistikk p\u00e5 Nordskaget<\/p>\n\n\n\n<p class=\"gb-headline gb-headline-b3686d5c gb-headline-text\"><strong><a href=\"https:\/\/www.google.com\/maps\/place\/Industriveien+23,+7266+Kverva\/@63.7092919,8.5635079,17z\/data=!3m1!4b1!4m6!3m5!1s0x46126826b1444635:0xec98e11138ea9214!8m2!3d63.7092919!4d8.5635079!16s%2Fg%2F11cncmkxg2?entry=ttu\" data-type=\"link\" data-id=\"https:\/\/www.google.com\/maps\/place\/Industriveien+23,+7266+Kverva\/@63.7092919,8.5635079,17z\/data=!3m1!4b1!4m6!3m5!1s0x46126826b1444635:0xec98e11138ea9214!8m2!3d63.7092919!4d8.5635079!16s%2Fg%2F11cncmkxg2?entry=ttu\" target=\"_blank\" rel=\"noreferrer noopener\">Industriveien 23, 7266 Kverva<\/a><\/strong><\/p>\n\n\n\n<p class=\"gb-headline gb-headline-9453310f gb-headline-text\">Generelle henvendelser<br><a href=\"mailto:sales@nutrimar.no\" target=\"_blank\" rel=\"noreferrer noopener\">post@nutrimar.no<\/a> <br><a href=\"tel:+4790225767\" data-type=\"tel\" data-id=\"tel:+4790225767\" target=\"_blank\" rel=\"noreferrer noopener\">+47 90 22 57 67<\/a><\/p>\n\n\n\n<p class=\"gb-headline gb-headline-1d9b6b64 gb-headline-text\">Faktura &amp; post<br>Nutrimar Holding AS<br>Postboks 1289 Torgarden, 7462 Trondheim<br><a href=\"mailto:faktura@nutrimar.no\" target=\"_blank\" rel=\"noreferrer noopener\">faktura@nutrimar.no<\/a><\/p>\n\n<\/div><\/div>\n\n<div class=\"gb-grid-column gb-grid-column-93770288\"><div class=\"gb-container gb-container-93770288 square\">\n\n<figure class=\"gb-block-image gb-block-image-6c5fb22b\"><img loading=\"lazy\" decoding=\"async\" width=\"900\" height=\"1000\" class=\"gb-image gb-image-6c5fb22b\" src=\"https:\/\/nutrimar.no\/wp-content\/uploads\/2024\/01\/Nutrimar-N.svg\" alt=\"\" title=\"Nutrimar N\"\/><\/figure>\n\n<\/div><\/div>\n<\/div>\n<\/div>\n\n<div class=\"gb-container gb-container-db29b3f2\">\n<div class=\"gb-grid-wrapper gb-grid-wrapper-a8d539bb\">\n<div class=\"gb-grid-column gb-grid-column-5bfc335e\"><div class=\"gb-container gb-container-5bfc335e square\">\n\n<figure class=\"gb-block-image gb-block-image-22240398\"><img loading=\"lazy\" decoding=\"async\" width=\"900\" height=\"1000\" class=\"gb-image gb-image-22240398\" src=\"https:\/\/nutrimar.no\/wp-content\/uploads\/2024\/01\/Nutrimar-N.svg\" alt=\"\" title=\"Nutrimar N\"\/><\/figure>\n\n<\/div><\/div>\n\n<div class=\"gb-grid-column gb-grid-column-b4ec1155\"><div class=\"gb-container gb-container-b4ec1155\">\n\n<h2 class=\"gb-headline gb-headline-8914bc80 gb-headline-text gb-headline-0c3e082b\">Hovedkontoret i Trondheim<\/h2>\n\n\n\n<p class=\"gb-headline gb-headline-3f336163 gb-headline-text\">Administrasjon p\u00e5 Pirsenteret<\/p>\n\n\n\n<p class=\"gb-headline gb-headline-13f80ed2 gb-headline-text\"><strong><a href=\"https:\/\/www.google.com\/maps\/place\/Havnegata+7,+7010+Trondheim\/@63.4405529,10.4041282,17z\/data=!3m1!4b1!4m6!3m5!1s0x466d31766e6411e1:0x120a1410c198d2dc!8m2!3d63.4405529!4d10.4041282!16s%2Fg%2F11cnd77jr9?entry=ttu\" target=\"_blank\" rel=\"noreferrer noopener\">Havnegata 7, 7010 Trondheim<\/a><\/strong><\/p>\n\n\n\n<p class=\"gb-headline gb-headline-c8763c13 gb-headline-text\">Generelle henvendelser<br><a href=\"mailto:sales@nutrimar.no\" target=\"_blank\" rel=\"noreferrer noopener\">post@nutrimar.no<\/a> <br><a href=\"tel:+4790225767\" data-type=\"tel\" data-id=\"tel:+4790225767\" target=\"_blank\" rel=\"noreferrer noopener\">+47 90 22 57 67<\/a><\/p>\n\n\n\n<p class=\"gb-headline gb-headline-660a79ff gb-headline-text\">Faktura &amp; post<br>Nutrimar Holding AS<br>Postboks 1289 Torgarden, 7462 Trondheim<br><a href=\"mailto:faktura@nutrimar.no\" target=\"_blank\" rel=\"noreferrer noopener\">faktura@nutrimar.no<\/a><\/p>\n\n<\/div><\/div>\n<\/div>\n<\/div>\n\n<div class=\"gb-container gb-container-4f9efa01\">\n<div class=\"gb-grid-wrapper gb-grid-wrapper-8d8be1a7\">\n<div class=\"gb-grid-column gb-grid-column-2c86bf69\"><div class=\"gb-container gb-container-2c86bf69\">\n\n<h2 class=\"gb-headline gb-headline-50bbdbc8 gb-headline-text gb-headline-0c3e082b\">Styret<\/h2>\n\n\n\n<p>Einar Wathne (chairman)<br>Ragna R. Falkanger (board member)<br>Gustav Witz\u00f8e (board member) <br>Marita Aas (employee representative)<\/p>\n\n<\/div><\/div>\n\n<div class=\"gb-grid-column gb-grid-column-8840ef73\"><div class=\"gb-container gb-container-8840ef73 square\"><\/div><\/div>\n<\/div>\n<\/div>\n\n<div class=\"gb-container gb-container-79bb70a5\">\n<div class=\"gb-grid-wrapper gb-grid-wrapper-959bc510\">\n<div class=\"gb-grid-column gb-grid-column-eed19b34\"><div class=\"gb-container gb-container-eed19b34 square\"><\/div><\/div>\n\n<div class=\"gb-grid-column gb-grid-column-be4a73cb\"><div class=\"gb-container gb-container-be4a73cb\">\n\n<h2 class=\"gb-headline gb-headline-e45942fa gb-headline-text gb-headline-0c3e082b\">Lederteam<\/h2>\n\n\n\n<p>Edgar Skjervold (CEO)<br>Ida-Marie Andersen (HR)<br>Geir Gotvassli (CFO)<br>Ingvild Nyg\u00e5rd (fabrikksjef)<br>Jarl Knudsen (COO)<\/p>\n\n<\/div><\/div>\n<\/div>\n<\/div>","protected":false},"excerpt":{"rendered":"<p>VI ER DER R\u00c5VARENE ER Det dynamiske \u00f8ysamfunnet Fr\u00f8ya ligger godt til for sj\u00f8matproduksjon og h\u00f8sting fra det viltre havet. Her ute foredler vi det &#8230; <a title=\"Kontakt\" class=\"read-more\" href=\"https:\/\/nutrimar.no\/no\/kontakt\/\" aria-label=\"Read more about Kontakt\">Les mer<\/a><\/p>\n","protected":false},"author":1,"featured_media":787,"parent":0,"menu_order":0,"comment_status":"closed","ping_status":"closed","template":"","meta":{"slim_seo":{"title":"Kontakt - Nutrimar AS","description":""},"footnotes":"[]"},"class_list":["post-248","page","type-page","status-publish","has-post-thumbnail"],"_links":{"self":[{"href":"https:\/\/nutrimar.no\/no\/wp-json\/wp\/v2\/pages\/248","targetHints":{"allow":["GET"]}}],"collection":[{"href":"https:\/\/nutrimar.no\/no\/wp-json\/wp\/v2\/pages"}],"about":[{"href":"https:\/\/nutrimar.no\/no\/wp-json\/wp\/v2\/types\/page"}],"author":[{"embeddable":true,"href":"https:\/\/nutrimar.no\/no\/wp-json\/wp\/v2\/users\/1"}],"replies":[{"embeddable":true,"href":"https:\/\/nutrimar.no\/no\/wp-json\/wp\/v2\/comments?post=248"}],"version-history":[{"count":111,"href":"https:\/\/nutrimar.no\/no\/wp-json\/wp\/v2\/pages\/248\/revisions"}],"predecessor-version":[{"id":1790,"href":"https:\/\/nutrimar.no\/no\/wp-json\/wp\/v2\/pages\/248\/revisions\/1790"}],"wp:featuredmedia":[{"embeddable":true,"href":"https:\/\/nutrimar.no\/no\/wp-json\/wp\/v2\/media\/787"}],"wp:attachment":[{"href":"https:\/\/nutrimar.no\/no\/wp-json\/wp\/v2\/media?parent=248"}],"curies":[{"name":"wp","href":"https:\/\/api.w.org\/{rel}","templated":true}]}}