{"id":283,"date":"2024-02-20T08:32:17","date_gmt":"2024-02-20T08:32:17","guid":{"rendered":"http:\/\/nutrimar.no.vinnvinn.io\/?page_id=283"},"modified":"2025-10-31T15:17:40","modified_gmt":"2025-10-31T14:17:40","slug":"biprodukter-fra-laks","status":"publish","type":"page","link":"https:\/\/nutrimar.no\/no\/baerekraftig-ravare\/biprodukter-fra-laks\/","title":{"rendered":"Biprodukter fra laks"},"content":{"rendered":"<div class=\"gb-container gb-container-5ae1f655 gb-container-23c41f85\">\n<div class=\"gb-container gb-container-f70769a3\">\n\n<h1 class=\"gb-headline gb-headline-3cf19c38 gb-headline-text gb-headline-35fff5d7\">100 % NATURLIG FRA ATLANTISK LAKS<\/h1>\n\n\n\n<p class=\"has-text-align-center\">Vi foredler restr\u00e5stoff fra laks \u2013 avskj\u00e6r og slo \u2013 til funksjonelle ingredienser for dyref\u00f4r- og akvaindustrien. V\u00e5r omega-3-rike olje og h\u00f8ykvalitets proteinmel sikrer b\u00e6rekraftig ressursutnyttelse fra havbruket.<\/p>\n\n<\/div>\n<\/div>\n\n<div class=\"gb-container gb-container-8ae40089\">\n<div class=\"gb-grid-wrapper gb-grid-wrapper-8bf8ef1c\">\n<div class=\"gb-grid-column gb-grid-column-93770288\"><div class=\"gb-container gb-container-93770288 square\">\n\n<figure class=\"gb-block-image gb-block-image-6c5fb22b\"><img loading=\"lazy\" decoding=\"async\" width=\"900\" height=\"1000\" class=\"gb-image gb-image-6c5fb22b\" src=\"https:\/\/nutrimar.no\/wp-content\/uploads\/2024\/01\/Nutrimar-N.svg\" alt=\"\" title=\"Nutrimar N\"\/><\/figure>\n\n<\/div><\/div>\n\n<div class=\"gb-grid-column gb-grid-column-544e5887\"><div class=\"gb-container gb-container-544e5887\">\n\n<h2 class=\"gb-headline gb-headline-1fc10e01 gb-headline-text gb-headline-0c3e082b\">Premium lakseolje (FSO)<\/h2>\n\n\n\n<p>Omega-3 og antioksidanter fra salmonids. Ferskt, naturlig r\u00e5stoff uten tilsetningsstoffer. Lakseolje er en av de rikeste naturlige kildene til EPA og DHA.<\/p>\n\n\n\n<p class=\"gb-headline gb-headline-194aef87 gb-headline-text\"><a href=\"\/wp-content\/uploads\/2024\/06\/PREMIUMSALMONOIL_byNutrimar.pdf\" target=\"_blank\" rel=\"noreferrer noopener\">Produktinformasjon<\/a> <\/p>\n\n\n\n<p class=\"gb-headline gb-headline-8e3926b2 gb-headline-text\">Datablad Premium (FSO) &lt;1% FFA<\/p>\n\n\n<div class=\"gb-container gb-container-c86abbcd\">\n\n<figure class=\"gb-block-image gb-block-image-7752e46d\"><a href=\"https:\/\/orivo.no\/certificate\/1140\/\" target=\"_blank\" rel=\"noopener noreferrer\"><img loading=\"lazy\" decoding=\"async\" width=\"455\" height=\"248\" class=\"gb-image gb-image-7752e46d\" src=\"https:\/\/nutrimar.no\/wp-content\/uploads\/2024\/02\/Verification-logo-Nutrimar-1140-1b.jpg\" alt=\"\" title=\"Verification-logo-Nutrimar-1140-1b\" srcset=\"https:\/\/nutrimar.no\/wp-content\/uploads\/2024\/02\/Verification-logo-Nutrimar-1140-1b.jpg 455w, https:\/\/nutrimar.no\/wp-content\/uploads\/2024\/02\/Verification-logo-Nutrimar-1140-1b-300x164.jpg 300w\" sizes=\"auto, (max-width: 455px) 100vw, 455px\" \/><\/a><\/figure>\n\n\n\n<figure class=\"gb-block-image gb-block-image-60cb9df1\"><a href=\"https:\/\/portal.gmpplus.org\/en-US\/cdb\/certified-companies\/\" target=\"_blank\" rel=\"noopener noreferrer\"><img loading=\"lazy\" decoding=\"async\" width=\"494\" height=\"426\" class=\"gb-image gb-image-60cb9df1\" src=\"https:\/\/nutrimar.no\/wp-content\/uploads\/2024\/02\/GMP-FSA-logo-RGB.png\" alt=\"\" title=\"GMP+ FSA logo RGB\" srcset=\"https:\/\/nutrimar.no\/wp-content\/uploads\/2024\/02\/GMP-FSA-logo-RGB.png 494w, https:\/\/nutrimar.no\/wp-content\/uploads\/2024\/02\/GMP-FSA-logo-RGB-300x259.png 300w\" sizes=\"auto, (max-width: 494px) 100vw, 494px\" \/><\/a><\/figure>\n\n\n\n<figure class=\"gb-block-image gb-block-image-cb64a0b3\"><a href=\"pNPT&amp;$E3QA@15GhtLTda)9rN\" target=\"_blank\" rel=\"noopener noreferrer\"><img loading=\"lazy\" decoding=\"async\" width=\"1350\" height=\"505\" class=\"gb-image gb-image-cb64a0b3\" src=\"https:\/\/nutrimar.no\/wp-content\/uploads\/2025\/10\/MT-logo-RGB.jpg\" alt=\"Mt logo rgb\" title=\"MT logo RGB\" srcset=\"https:\/\/nutrimar.no\/wp-content\/uploads\/2025\/10\/MT-logo-RGB.jpg 1350w, https:\/\/nutrimar.no\/wp-content\/uploads\/2025\/10\/MT-logo-RGB-300x112.jpg 300w, https:\/\/nutrimar.no\/wp-content\/uploads\/2025\/10\/MT-logo-RGB-1024x383.jpg 1024w, https:\/\/nutrimar.no\/wp-content\/uploads\/2025\/10\/MT-logo-RGB-768x287.jpg 768w\" sizes=\"auto, (max-width: 1350px) 100vw, 1350px\" \/><\/a><\/figure>\n\n<\/div>\n<\/div><\/div>\n<\/div>\n<\/div>\n\n<div class=\"gb-container gb-container-db29b3f2\">\n<div class=\"gb-grid-wrapper gb-grid-wrapper-a8d539bb\">\n<div class=\"gb-grid-column gb-grid-column-b4ec1155\"><div class=\"gb-container gb-container-b4ec1155\">\n\n<h2 class=\"gb-headline gb-headline-50bbdbc8 gb-headline-text gb-headline-0c3e082b\">Premium t\u00f8rket laks (PDS)<\/h2>\n\n\n\n<p>H\u00f8ykvalitetsproteiner fra laksefisk. Ferskt, naturlig r\u00e5materiale stabilisert med naturlige tokoferoler.<\/p>\n\n\n\n<p class=\"gb-headline gb-headline-b5d4c9b6 gb-headline-text\"><a href=\"\/wp-content\/uploads\/2024\/06\/PREMIUMDRIEDSALMON_byNutrimar.pdf\" target=\"_blank\" rel=\"noreferrer noopener\">Produktinformasjon<\/a><\/p>\n\n\n\n<p class=\"gb-headline gb-headline-5a08f28f gb-headline-text\">Premium t\u00f8rket (PDS) 68%<\/p>\n\n\n<div class=\"gb-container gb-container-39164c50\">\n\n<figure class=\"gb-block-image gb-block-image-78b2184d\"><a href=\"https:\/\/orivo.no\/certificate\/1140\/\" target=\"_blank\" rel=\"noopener noreferrer\"><img loading=\"lazy\" decoding=\"async\" width=\"455\" height=\"248\" class=\"gb-image gb-image-78b2184d\" src=\"https:\/\/nutrimar.no\/wp-content\/uploads\/2024\/02\/Verification-logo-Nutrimar-1140-1b.jpg\" alt=\"\" title=\"Verification-logo-Nutrimar-1140-1b\" srcset=\"https:\/\/nutrimar.no\/wp-content\/uploads\/2024\/02\/Verification-logo-Nutrimar-1140-1b.jpg 455w, https:\/\/nutrimar.no\/wp-content\/uploads\/2024\/02\/Verification-logo-Nutrimar-1140-1b-300x164.jpg 300w\" sizes=\"auto, (max-width: 455px) 100vw, 455px\" \/><\/a><\/figure>\n\n\n\n<figure class=\"gb-block-image gb-block-image-b956e48a\"><a href=\"https:\/\/portal.gmpplus.org\/en-US\/cdb\/certified-companies\/\" target=\"_blank\" rel=\"noopener noreferrer\"><img loading=\"lazy\" decoding=\"async\" width=\"494\" height=\"426\" class=\"gb-image gb-image-b956e48a\" src=\"https:\/\/nutrimar.no\/wp-content\/uploads\/2024\/02\/GMP-FSA-logo-RGB.png\" alt=\"\" title=\"GMP+ FSA logo RGB\" srcset=\"https:\/\/nutrimar.no\/wp-content\/uploads\/2024\/02\/GMP-FSA-logo-RGB.png 494w, https:\/\/nutrimar.no\/wp-content\/uploads\/2024\/02\/GMP-FSA-logo-RGB-300x259.png 300w\" sizes=\"auto, (max-width: 494px) 100vw, 494px\" \/><\/a><\/figure>\n\n\n\n<figure class=\"gb-block-image gb-block-image-62b95ac5\"><a href=\"pNPT&amp;$E3QA@15GhtLTda)9rN\" target=\"_blank\" rel=\"noopener noreferrer\"><img loading=\"lazy\" decoding=\"async\" width=\"1350\" height=\"505\" class=\"gb-image gb-image-62b95ac5\" src=\"https:\/\/nutrimar.no\/wp-content\/uploads\/2025\/10\/MT-logo-RGB.jpg\" alt=\"Mt logo rgb\" title=\"MT logo RGB\" srcset=\"https:\/\/nutrimar.no\/wp-content\/uploads\/2025\/10\/MT-logo-RGB.jpg 1350w, https:\/\/nutrimar.no\/wp-content\/uploads\/2025\/10\/MT-logo-RGB-300x112.jpg 300w, https:\/\/nutrimar.no\/wp-content\/uploads\/2025\/10\/MT-logo-RGB-1024x383.jpg 1024w, https:\/\/nutrimar.no\/wp-content\/uploads\/2025\/10\/MT-logo-RGB-768x287.jpg 768w\" sizes=\"auto, (max-width: 1350px) 100vw, 1350px\" \/><\/a><\/figure>\n\n<\/div>\n<\/div><\/div>\n\n<div class=\"gb-grid-column gb-grid-column-5bfc335e\"><div class=\"gb-container gb-container-5bfc335e square\">\n\n<figure class=\"gb-block-image gb-block-image-22240398\"><img loading=\"lazy\" decoding=\"async\" width=\"900\" height=\"1000\" class=\"gb-image gb-image-22240398\" src=\"https:\/\/nutrimar.no\/wp-content\/uploads\/2024\/01\/Nutrimar-N.svg\" alt=\"\" title=\"Nutrimar N\"\/><\/figure>\n\n<\/div><\/div>\n<\/div>\n<\/div>\n\n<div class=\"gb-container gb-container-90709470 gb-container-23c41f85\">\n<div class=\"gb-container gb-container-05c42a30\">\n\n<h2 class=\"gb-headline gb-headline-4e79e510 gb-headline-text gb-headline-35fff5d7\">Ansvar for liv og natur<\/h2>\n\n\n\n<p class=\"has-text-align-center\">Den norske kystlinjen er lang, artsrik og en viktig kilde til sunne og n\u00e6ringsrike r\u00e5varer for en stadig voksende verdensbefolkning. V\u00e5rt oppdrag er \u00e5 sikre og foredle b\u00e6rekraftige og trygge marine ingredienser med et langt perspektiv.<\/p>\n\n\n\n<a class=\"gb-button gb-button-1bc62a6b gb-button-2203120c main-btn\" href=\"\/om-oss\/naturlige-og-baerekraftige-ravarer\/\"><span class=\"gb-icon\"><svg viewBox=\"0 0 900 1000\" clip-rule=\"evenodd\" stroke-miterlimit=\"2\" stroke-linejoin=\"round\" fill-rule=\"evenodd\" xml:space=\"preserve\" xmlns=\"http:\/\/www.w3.org\/2000\/svg\">   <path d=\"M478.542 24.135595v-.329017h-48.6312435c-135.7195125 0-243.2574535 41.785159-319.6147065 124.2292265C-3.0503065 270.417474-1.164786 434.040159.3664085 465.828263v534.171754H186.855775V463.221436l-.1645085-5.694525c-.0632725-1.113596-5.0997635-111.7771985 60.6530185-181.794547 39.684512-42.2533755 101.0968005-63.677444 182.5664715-63.677444h40.190692c81.469671 0 142.8819595 21.4240685 182.5664715 63.677444 65.752782 70.0173485 60.7036365 180.680951 60.6783275 181.1744765l-.202472 543.0931765H899.633142V465.8409175c1.5311945-31.788104 3.4293695-195.4234435-109.916987-317.805113C714.978678 67.3507125 610.199418 25.881916 478.542 24.135595\" fill-rule=\"nonzero\" fill=\"#fff\"><\/path> <\/svg><\/span><span class=\"gb-button-text\">B\u00e6rekraftige marine ingredienser<\/span><\/a>\n\n<\/div>\n<\/div>","protected":false},"excerpt":{"rendered":"<p>100 % NATURLIG FRA ATLANTISK LAKS Vi foredler restr\u00e5stoff fra laks \u2013 avskj\u00e6r og slo \u2013 til funksjonelle ingredienser for dyref\u00f4r- og akvaindustrien. V\u00e5r omega-3-rike &#8230; <a title=\"Biprodukter fra laks\" class=\"read-more\" href=\"https:\/\/nutrimar.no\/no\/baerekraftig-ravare\/biprodukter-fra-laks\/\" aria-label=\"Read more about Biprodukter fra laks\">Les mer<\/a><\/p>\n","protected":false},"author":1,"featured_media":0,"parent":197,"menu_order":0,"comment_status":"closed","ping_status":"closed","template":"","meta":{"slim_seo":{"title":"Biprodukter fra laks - Nutrimar AS","description":""},"footnotes":""},"class_list":["post-283","page","type-page","status-publish"],"_links":{"self":[{"href":"https:\/\/nutrimar.no\/no\/wp-json\/wp\/v2\/pages\/283","targetHints":{"allow":["GET"]}}],"collection":[{"href":"https:\/\/nutrimar.no\/no\/wp-json\/wp\/v2\/pages"}],"about":[{"href":"https:\/\/nutrimar.no\/no\/wp-json\/wp\/v2\/types\/page"}],"author":[{"embeddable":true,"href":"https:\/\/nutrimar.no\/no\/wp-json\/wp\/v2\/users\/1"}],"replies":[{"embeddable":true,"href":"https:\/\/nutrimar.no\/no\/wp-json\/wp\/v2\/comments?post=283"}],"version-history":[{"count":58,"href":"https:\/\/nutrimar.no\/no\/wp-json\/wp\/v2\/pages\/283\/revisions"}],"predecessor-version":[{"id":1757,"href":"https:\/\/nutrimar.no\/no\/wp-json\/wp\/v2\/pages\/283\/revisions\/1757"}],"up":[{"embeddable":true,"href":"https:\/\/nutrimar.no\/no\/wp-json\/wp\/v2\/pages\/197"}],"wp:attachment":[{"href":"https:\/\/nutrimar.no\/no\/wp-json\/wp\/v2\/media?parent=283"}],"curies":[{"name":"wp","href":"https:\/\/api.w.org\/{rel}","templated":true}]}}