{"id":313,"date":"2024-02-21T13:59:38","date_gmt":"2024-02-21T13:59:38","guid":{"rendered":"http:\/\/nutrimar.no.vinnvinn.io\/?page_id=313"},"modified":"2024-06-05T07:26:42","modified_gmt":"2024-06-05T07:26:42","slug":"naturlige-og-baerekraftige-ravarer","status":"publish","type":"page","link":"https:\/\/nutrimar.no\/no\/om-oss\/naturlige-og-baerekraftige-ravarer\/","title":{"rendered":"Naturlige og b\u00e6rekraftige r\u00e5varer"},"content":{"rendered":"<div class=\"gb-container gb-container-5ae1f655 gb-container-23c41f85\">\n<div class=\"gb-container gb-container-f70769a3\">\n\n<h1 class=\"gb-headline gb-headline-3cf19c38 gb-headline-text gb-headline-35fff5d7\">MARINE r\u00e5varer HAr MANGE BRUKSOMR\u00c5DER<\/h1>\n\n\n\n<p class=\"has-text-align-center\"><\/p>\n\n\n\n<p class=\"has-text-align-center\">Verdens befolkning vokser raskt, og behovet for mat og r\u00e5varer \u00f8ker tilsvarende.  Utfordringene vi st\u00e5r overfor knyttet til klima, befolkningsvekst, matforsyning, r\u00e5varetilgang, natur og \u00f8kosystem krever at vi raskt erstatter ikke-b\u00e6rekraftige r\u00e5varer og produksjonsmetoder med fornybare r\u00e5varer og sirkul\u00e6re verdikjeder. Havet er en rik kilde til b\u00e6rekraftige ressurser, og potensialet og bruksomr\u00e5dene til disse er mange:<\/p>\n\n<\/div>\n<\/div>\n\n<div class=\"gb-container gb-container-db6a2ae4\">\n<div class=\"gb-container gb-container-7a1c2561 pyramide gb-accordion\">\n<div class=\"gb-container gb-container-653dbce9 gb-accordion__item\" data-transition=\"slide\">\n\n<button class=\"gb-button gb-button-d781b85d gb-button-text gb-accordion__toggle\">HELSEKOST<\/button>\n\n\n<div class=\"gb-accordion__content\"><div class=\"gb-container gb-container-48012b2b ikke-pyramide\">\n<div class=\"gb-container gb-container-16010185\">\n\n<p class=\"has-text-align-center has-small-font-size\">Naturlig omega-3, marine proteiner, mineraler, kollagen, fucoidan og alginat er alle eksempler p\u00e5 b\u00e6rekraftige og fornybare ingredienser havet kan tilby n\u00e6ringsmiddelindustrien. <\/p>\n\n<\/div>\n<\/div><\/div>\n<\/div>\n\n<div class=\"gb-container gb-container-d5b8a4dc gb-accordion__item\" data-transition=\"slide\">\n\n<button class=\"gb-button gb-button-d2af020e gb-button-text gb-accordion__toggle\">MAT<\/button>\n\n\n<div class=\"gb-accordion__content\"><div class=\"gb-container gb-container-128da100\">\n<div class=\"gb-container gb-container-4215131c\">\n\n<p class=\"has-text-align-center has-small-font-size\">Marine r\u00e5varer er rike p\u00e5 proteiner, omega-3 fettsyrer, vitaminer og mineraler. Fremover m\u00e5 vi h\u00f8ste mer mat p\u00e5 en mer b\u00e6rekraftig m\u00e5te fra havene v\u00e5re.<\/p>\n\n<\/div>\n<\/div><\/div>\n<\/div>\n\n<div class=\"gb-container gb-container-350aaa39 gb-accordion__item\" data-transition=\"slide\">\n\n<button class=\"gb-button gb-button-fbb2bf4c gb-button-text gb-accordion__toggle\">F\u00d3R<\/button>\n\n\n<div class=\"gb-accordion__content\"><div class=\"gb-container gb-container-b0fb52cd\">\n<div class=\"gb-container gb-container-00eff9af\">\n\n<p class=\"has-text-align-center has-small-font-size\">Omega-3, proteiner og mineraler fra marine r\u00e5varer er viktige og h\u00f8yverdige kilder til sunn n\u00e6ring og god helse hos dyr. <\/p>\n\n<\/div>\n<\/div><\/div>\n<\/div>\n\n<div class=\"gb-container gb-container-bbaec8cc gb-accordion__item\" data-transition=\"slide\">\n\n<button class=\"gb-button gb-button-26b52aff gb-button-text gb-accordion__toggle\">BIOMATERIALER<\/button>\n\n\n<div class=\"gb-accordion__content\"><div class=\"gb-container gb-container-54a1ba95\">\n<div class=\"gb-container gb-container-0432a47d\">\n\n<p class=\"has-text-align-center has-small-font-size\">Fra marine r\u00e5varer kan vi utvinne mange, ulike bioaktive forbindelser som bioplast, tekstilfibre, l\u00e6r og bindemidler.<\/p>\n\n<\/div>\n<\/div><\/div>\n<\/div>\n\n<div class=\"gb-container gb-container-e9361b1d gb-accordion__item\" data-transition=\"slide\">\n\n<button class=\"gb-button gb-button-1939a1e3 gb-button-text gb-accordion__toggle\">GJ\u00d8DSEL OG JORDFORBEDRING<\/button>\n\n\n<div class=\"gb-accordion__content\"><div class=\"gb-container gb-container-a8f2fc19\">\n<div class=\"gb-container gb-container-85750d92\">\n\n<p class=\"has-text-align-center has-small-font-size\">Fiskeslam, alger og organiske rester kan komposteres og brukes som b\u00e6rekraftig gj\u00f8dsel eller jordforbedringsmiddel i landbruket.<\/p>\n\n<\/div>\n<\/div><\/div>\n<\/div>\n\n<div class=\"gb-container gb-container-4eeac5b1 gb-accordion__item\" data-transition=\"slide\">\n\n<button class=\"gb-button gb-button-9263520f gb-button-text gb-accordion__toggle\">FORBRENNING, BIOBRENSEL &amp; BIOENERGI<\/button>\n\n\n<div class=\"gb-accordion__content\"><div class=\"gb-container gb-container-076e0f90\">\n<div class=\"gb-container gb-container-427acd8d\">\n\n<p class=\"has-text-align-center has-small-font-size\">Marint r\u00e5stoff kan fermenteres eller omdannes til biogass gjennom anaerob nedbrytning. Biogassen blir slik en b\u00e6rekraftig og fornybar energikilde.<\/p>\n\n<\/div>\n<\/div><\/div>\n<\/div>\n\n<div class=\"gb-container gb-container-3c8ea6ed gb-accordion__item\" data-transition=\"slide\">\n\n<button class=\"gb-button gb-button-738e8224 gb-button-text gb-accordion__toggle\">AVFALL<\/button>\n\n\n<div class=\"gb-accordion__content\"><div class=\"gb-container gb-container-cfab0fef\">\n<div class=\"gb-container gb-container-7040d89f\">\n\n<p class=\"has-text-align-center has-small-font-size\">Rest-r\u00e5stoff fra fisk kan omdannes og oppsirkuleres til h\u00f8yverdig biomasse, som fiskemel og fiskeolje. Ved \u00e5 utnytte alt biologisk avfall 100 % skapes nye verdier og vi f\u00e5r en mer sirkul\u00e6r verdikjede med et lavere klimaavtrykk.<\/p>\n\n<\/div>\n<\/div><\/div>\n<\/div>\n<\/div>\n<\/div>\n\n<div class=\"gb-container gb-container-f4a241fe gb-container-23c41f85\">\n<div class=\"gb-container gb-container-ba00ab65\">\n\n<h2 class=\"gb-headline gb-headline-4e79e510 gb-headline-text gb-headline-35fff5d7\">V\u00e5rt ansvar<\/h2>\n\n\n\n<p class=\"has-text-align-center\">I Norge har vi havet og en artsrik kystlinje. Nutrimar ble grunnlagt for \u00e5 skape ei mer b\u00e6rekraftig havn\u00e6ring og i oppdraget forplikter vi oss til den tredelte bunnlinjen.<\/p>\n\n\n\n<div class=\"wp-block-columns is-layout-flex wp-container-core-columns-is-layout-9d6595d7 wp-block-columns-is-layout-flex\">\n<div class=\"wp-block-column is-layout-flow wp-block-column-is-layout-flow\">\n<p class=\"has-text-align-left\"><strong>KLIMA<\/strong>: Gjennom en forskningsdrevet produksjon tilbyr vi rene og n\u00e6ringsrike marine ingredienser.  Forvaltning og foredling av ressursene vi h\u00f8ster skjer med et langt perspektiv p\u00e5 natur, klima, matproduksjon og helse.<\/p>\n<\/div>\n\n\n\n<div class=\"wp-block-column is-layout-flow wp-block-column-is-layout-flow\">\n<p class=\"has-text-align-left\"><strong>SAMFUNN:<\/strong> Vi tilbyr tilgang til og kunnskap om etablerte og nye bruksomr\u00e5der for marine r\u00e5varer. Av disse forplikter vi oss til \u00e5 produsere trygge, essensielle n\u00e6ringsstoffer av h\u00f8y kvalitet til det beste for helse og velferd hos dyr og mennesker.<\/p>\n<\/div>\n\n\n\n<div class=\"wp-block-column is-layout-flow wp-block-column-is-layout-flow\">\n<p><strong>\u00d8KONOMI<\/strong>: Vi skal ha en fremtidsrettet og gjennomtenkt produksjon. Foredlingen skjer der r\u00e5stoffet er, og stimulerer til nye og lokale  arbeids-plasser. Sammen med lokalsamfunnene bidrar vi til bedre beredskap knyttet til matforsyning.<\/p>\n<\/div>\n<\/div>\n\n\n\n<a class=\"gb-button gb-button-1bc62a6b gb-button-2203120c main-btn\" href=\"https:\/\/fn.no\/Om-FN\/FNs-baerekraftsmaal\" target=\"_blank\" rel=\"noopener noreferrer\"><span class=\"gb-icon\"><svg viewBox=\"0 0 900 1000\" clip-rule=\"evenodd\" stroke-miterlimit=\"2\" stroke-linejoin=\"round\" fill-rule=\"evenodd\" xml:space=\"preserve\" xmlns=\"http:\/\/www.w3.org\/2000\/svg\">   <path d=\"M478.542 24.135595v-.329017h-48.6312435c-135.7195125 0-243.2574535 41.785159-319.6147065 124.2292265C-3.0503065 270.417474-1.164786 434.040159.3664085 465.828263v534.171754H186.855775V463.221436l-.1645085-5.694525c-.0632725-1.113596-5.0997635-111.7771985 60.6530185-181.794547 39.684512-42.2533755 101.0968005-63.677444 182.5664715-63.677444h40.190692c81.469671 0 142.8819595 21.4240685 182.5664715 63.677444 65.752782 70.0173485 60.7036365 180.680951 60.6783275 181.1744765l-.202472 543.0931765H899.633142V465.8409175c1.5311945-31.788104 3.4293695-195.4234435-109.916987-317.805113C714.978678 67.3507125 610.199418 25.881916 478.542 24.135595\" fill-rule=\"nonzero\" fill=\"#fff\"><\/path> <\/svg><\/span><span class=\"gb-button-text\">FNs b\u00e6rekraftsm\u00e5l<\/span><\/a>\n\n<\/div>\n<\/div>","protected":false},"excerpt":{"rendered":"<p>MARINE r\u00e5varer HAr MANGE BRUKSOMR\u00c5DER Verdens befolkning vokser raskt, og behovet for mat og r\u00e5varer \u00f8ker tilsvarende. Utfordringene vi st\u00e5r overfor knyttet til klima, befolkningsvekst, &#8230; <a title=\"Naturlige og b\u00e6rekraftige r\u00e5varer\" class=\"read-more\" href=\"https:\/\/nutrimar.no\/no\/om-oss\/naturlige-og-baerekraftige-ravarer\/\" aria-label=\"Read more about Naturlige og b\u00e6rekraftige r\u00e5varer\">Les mer<\/a><\/p>\n","protected":false},"author":1,"featured_media":0,"parent":243,"menu_order":0,"comment_status":"closed","ping_status":"closed","template":"","meta":{"slim_seo":{"title":"Naturlige og b\u00e6rekraftige r\u00e5varer - Nutrimar AS","description":""},"footnotes":""},"class_list":["post-313","page","type-page","status-publish"],"_links":{"self":[{"href":"https:\/\/nutrimar.no\/no\/wp-json\/wp\/v2\/pages\/313","targetHints":{"allow":["GET"]}}],"collection":[{"href":"https:\/\/nutrimar.no\/no\/wp-json\/wp\/v2\/pages"}],"about":[{"href":"https:\/\/nutrimar.no\/no\/wp-json\/wp\/v2\/types\/page"}],"author":[{"embeddable":true,"href":"https:\/\/nutrimar.no\/no\/wp-json\/wp\/v2\/users\/1"}],"replies":[{"embeddable":true,"href":"https:\/\/nutrimar.no\/no\/wp-json\/wp\/v2\/comments?post=313"}],"version-history":[{"count":100,"href":"https:\/\/nutrimar.no\/no\/wp-json\/wp\/v2\/pages\/313\/revisions"}],"predecessor-version":[{"id":1380,"href":"https:\/\/nutrimar.no\/no\/wp-json\/wp\/v2\/pages\/313\/revisions\/1380"}],"up":[{"embeddable":true,"href":"https:\/\/nutrimar.no\/no\/wp-json\/wp\/v2\/pages\/243"}],"wp:attachment":[{"href":"https:\/\/nutrimar.no\/no\/wp-json\/wp\/v2\/media?parent=313"}],"curies":[{"name":"wp","href":"https:\/\/api.w.org\/{rel}","templated":true}]}}