{"id":412,"date":"2024-02-22T12:03:14","date_gmt":"2024-02-22T12:03:14","guid":{"rendered":"http:\/\/nutrimar.no.vinnvinn.io\/?page_id=412"},"modified":"2024-06-05T07:26:39","modified_gmt":"2024-06-05T07:26:39","slug":"nyheter","status":"publish","type":"page","link":"https:\/\/nutrimar.no\/no\/nyheter\/","title":{"rendered":"Nyheter"},"content":{"rendered":"<div class=\"gb-container gb-container-5ae1f655 gb-container-23c41f85\">\n<div class=\"gb-container gb-container-f70769a3\">\n\n<h1 class=\"gb-headline gb-headline-3cf19c38 gb-headline-text gb-headline-35fff5d7\">Nyheter<\/h1>\n\n\n\n<p class=\"has-text-align-center\">Hvordan produsere nok mat som m\u00f8ter b\u00e5de befolkningsveksten og klimautfordringene? Det gr\u00f8nne skiftet er det viktigste oppdraget v\u00e5rt noensinne og i nyhetsarkivet finner du artikler basert p\u00e5 samfunnsoppdraget v\u00e5rt og temaene marine r\u00e5varer, global mattrygghet, forskning, sirkul\u00e6re verdikjeder og klimaavtrykk.  <\/p>\n\n\n<form role=\"search\" method=\"get\" action=\"https:\/\/nutrimar.no\/no\/\" class=\"wp-block-search__no-button wp-block-search\"    ><label class=\"wp-block-search__label screen-reader-text\" for=\"wp-block-search__input-1\" >S\u00f8k<\/label><div class=\"wp-block-search__inside-wrapper\"  style=\"width: 220px\"><input class=\"wp-block-search__input has-small-font-size\" id=\"wp-block-search__input-1\" placeholder=\"S\u00f8k...\" value=\"\" type=\"search\" name=\"s\" required \/><\/div><\/form>\n<\/div>\n<\/div>\n\n<div class=\"gb-container gb-container-e45da7d1\">\n\n<div class=\"gb-grid-wrapper gb-grid-wrapper-8077e8df gb-query-loop-wrapper\">\n<div class=\"gb-grid-column gb-grid-column-ae396ed1 gb-query-loop-item post-1130 post type-post status-publish format-standard has-post-thumbnail hentry category-uncategorized-no\"><div class=\"gb-container gb-container-ae396ed1\" style=\"background-image: url(https:\/\/nutrimar.no\/wp-content\/uploads\/2024\/04\/fabrikk_jornolje_liggende.jpg);\"><a class=\"gb-container-link\" href=\"https:\/\/nutrimar.no\/no\/en-ide-som-ble-til-noe-stort\/\"><\/a>\n<div class=\"gb-container gb-container-b3385027\">\n\n<figure class=\"gb-block-image gb-block-image-6c338ecb\"><img loading=\"lazy\" decoding=\"async\" width=\"900\" height=\"1000\" class=\"gb-image gb-image-6c338ecb\" src=\"https:\/\/nutrimar.no\/wp-content\/uploads\/2024\/01\/Nutrimar-N.svg\" alt=\"\" title=\"Nutrimar N\"\/><\/figure>\n\n<\/div>\n\n<div class=\"gb-container gb-container-1f9ad84f\">\n<h2 class=\"gb-headline gb-headline-f003baaa gb-headline-text gb-headline-35fff5d7\">En id\u00e9 som ble til noe stort<\/h2>\n\n<p class=\"gb-headline gb-headline-49e541c2 gb-headline-text\">Nutrimar ble i 2006 grunnlagt for \u00e5 bidra til ei mer b\u00e6rekraftig havn\u00e6ring. Base ble p\u00e5 v\u00e6rharde og driftige Fr\u00f8ya. Se filmen der grunnlegger Gustav Witz\u00f8e og v\u00e5re ansatte forteller om den eventyrlige veksten og den store muligheten som ligger foran oss.<\/p>\n\n<a class=\"gb-button gb-button-3bf83e5a gb-button-text gb-button-6d466503\" href=\"https:\/\/nutrimar.no\/no\/en-ide-som-ble-til-noe-stort\/\">Les mer<\/a>\n<\/div>\n<\/div><\/div>\n<\/div>\n\n<\/div>\n\n<div class=\"gb-container gb-container-5cb9fe61 gb-container-23c41f85\">\n<div class=\"gb-container gb-container-e11fddd4\">\n\n<div class=\"gb-grid-wrapper gb-grid-wrapper-cfc61a44 gb-query-loop-wrapper\">\n<div class=\"gb-grid-column gb-grid-column-a36c065f gb-query-loop-item post-1122 post type-post status-publish format-standard has-post-thumbnail hentry category-uncategorized-no\"><div class=\"gb-container gb-container-a36c065f\">\n<figure class=\"gb-block-image gb-block-image-e30e6b5c\"><a href=\"https:\/\/nutrimar.no\/no\/100-av-laksen-i-bruk-og-helhetlige-verdikjeder-i-havbruket\/\"><img loading=\"lazy\" decoding=\"async\" width=\"1591\" height=\"895\" src=\"https:\/\/nutrimar.no\/wp-content\/uploads\/2024\/04\/tare_liggende.jpg\" class=\"gb-image-e30e6b5c\" alt=\"Tare liggende\" srcset=\"https:\/\/nutrimar.no\/wp-content\/uploads\/2024\/04\/tare_liggende.jpg 1591w, https:\/\/nutrimar.no\/wp-content\/uploads\/2024\/04\/tare_liggende-300x169.jpg 300w, https:\/\/nutrimar.no\/wp-content\/uploads\/2024\/04\/tare_liggende-1024x576.jpg 1024w, https:\/\/nutrimar.no\/wp-content\/uploads\/2024\/04\/tare_liggende-768x432.jpg 768w, https:\/\/nutrimar.no\/wp-content\/uploads\/2024\/04\/tare_liggende-1536x864.jpg 1536w\" sizes=\"auto, (max-width: 1591px) 100vw, 1591px\" \/><\/a><\/figure>\n\n<h2 class=\"gb-headline gb-headline-fac75905 gb-headline-text gb-headline-0c3e082b\"><a href=\"https:\/\/nutrimar.no\/no\/100-av-laksen-i-bruk-og-helhetlige-verdikjeder-i-havbruket\/\">Lokale r\u00e5varer for et b\u00e6rekraftig f\u00f4r<\/a><\/h2>\n\n<div class=\"gb-headline gb-headline-db440047 gb-headline-text\">Regjeringen satte seg som m\u00e5l i Hurdalsplattformen at alt f\u00f4r til norske dyr og fisk skal v\u00e6re 100 prosent b\u00e6rekraftig innen 2030. Da m\u00e5 vi tenke kortreist, nytt og b\u00e6rekraftig, og utnytte de ressursene vi allerede har tilgjengelig her hjemme. <\/div>\n\n<a class=\"gb-button gb-button-10684cf7 btn-lineheight gb-button-text gb-button-6d466503\" href=\"https:\/\/nutrimar.no\/no\/100-av-laksen-i-bruk-og-helhetlige-verdikjeder-i-havbruket\/\">Les mer<\/a>\n<\/div><\/div>\n\n<div class=\"gb-grid-column gb-grid-column-a36c065f gb-query-loop-item post-1117 post type-post status-publish format-standard has-post-thumbnail hentry category-uncategorized-no\"><div class=\"gb-container gb-container-a36c065f\">\n<figure class=\"gb-block-image gb-block-image-e30e6b5c\"><a href=\"https:\/\/nutrimar.no\/no\/laks-som-spiser-laks-er-mer-miljovennlig-2\/\"><img loading=\"lazy\" decoding=\"async\" width=\"1889\" height=\"1063\" src=\"https:\/\/nutrimar.no\/wp-content\/uploads\/2024\/04\/stock_oppdrett_liggende.jpeg\" class=\"gb-image-e30e6b5c\" alt=\"Stock oppdrett liggende\" srcset=\"https:\/\/nutrimar.no\/wp-content\/uploads\/2024\/04\/stock_oppdrett_liggende.jpeg 1889w, https:\/\/nutrimar.no\/wp-content\/uploads\/2024\/04\/stock_oppdrett_liggende-300x169.jpeg 300w, https:\/\/nutrimar.no\/wp-content\/uploads\/2024\/04\/stock_oppdrett_liggende-1024x576.jpeg 1024w, https:\/\/nutrimar.no\/wp-content\/uploads\/2024\/04\/stock_oppdrett_liggende-768x432.jpeg 768w, https:\/\/nutrimar.no\/wp-content\/uploads\/2024\/04\/stock_oppdrett_liggende-1536x864.jpeg 1536w\" sizes=\"auto, (max-width: 1889px) 100vw, 1889px\" \/><\/a><\/figure>\n\n<h2 class=\"gb-headline gb-headline-fac75905 gb-headline-text gb-headline-0c3e082b\"><a href=\"https:\/\/nutrimar.no\/no\/laks-som-spiser-laks-er-mer-miljovennlig-2\/\">Laks som spiser laks er mer milj\u00f8vennlig<\/a><\/h2>\n\n<div class=\"gb-headline gb-headline-db440047 gb-headline-text\">N\u00e6ringstispendiat Ingrid Sandbakken i Nutrimar har gjennom grundig forskning bevist at laksen vokser godt og f\u00e5r bedre helse ved \u00e5 f\u00f4res med sine egne proteiner. Dette knuser en gammel myte i havbruket og gir en unik mulighet til en sirkul\u00e6r verdikjede i lakseproduksjonen. <\/div>\n\n<a class=\"gb-button gb-button-10684cf7 btn-lineheight gb-button-text gb-button-6d466503\" href=\"https:\/\/nutrimar.no\/no\/laks-som-spiser-laks-er-mer-miljovennlig-2\/\">Les mer<\/a>\n<\/div><\/div>\n\n<div class=\"gb-grid-column gb-grid-column-a36c065f gb-query-loop-item post-1133 post type-post status-publish format-standard has-post-thumbnail hentry category-uncategorized-no\"><div class=\"gb-container gb-container-a36c065f\">\n<figure class=\"gb-block-image gb-block-image-e30e6b5c\"><a href=\"https:\/\/nutrimar.no\/no\/vi-investerer-i-stadig-ny-og-bedre-teknologi\/\"><img loading=\"lazy\" decoding=\"async\" width=\"1165\" height=\"655\" src=\"https:\/\/nutrimar.no\/wp-content\/uploads\/2024\/04\/fabrikk_natt_liggende.jpg\" class=\"gb-image-e30e6b5c\" alt=\"Fabrikk natt liggende\" srcset=\"https:\/\/nutrimar.no\/wp-content\/uploads\/2024\/04\/fabrikk_natt_liggende.jpg 1165w, https:\/\/nutrimar.no\/wp-content\/uploads\/2024\/04\/fabrikk_natt_liggende-300x169.jpg 300w, https:\/\/nutrimar.no\/wp-content\/uploads\/2024\/04\/fabrikk_natt_liggende-1024x576.jpg 1024w, https:\/\/nutrimar.no\/wp-content\/uploads\/2024\/04\/fabrikk_natt_liggende-768x432.jpg 768w\" sizes=\"auto, (max-width: 1165px) 100vw, 1165px\" \/><\/a><\/figure>\n\n<h2 class=\"gb-headline gb-headline-fac75905 gb-headline-text gb-headline-0c3e082b\"><a href=\"https:\/\/nutrimar.no\/no\/vi-investerer-i-stadig-ny-og-bedre-teknologi\/\">Vi investerer i stadig bedre teknologi<\/a><\/h2>\n\n<div class=\"gb-headline gb-headline-db440047 gb-headline-text\">Posisjonen v\u00e5r som produsent av premium marine ingredienser st\u00e5r sterkt. Det som tidligere var avfall fra oppdrett er n\u00e5 verdifullt r\u00e5stoff som vi tar i mot p\u00e5 bioraffineriet v\u00e5rt p\u00e5 Nordskaget. Dette krever gode produksjonsfasiliteter b\u00e6rekraftig teknologi. <\/div>\n\n<a class=\"gb-button gb-button-10684cf7 btn-lineheight gb-button-text gb-button-6d466503\" href=\"https:\/\/nutrimar.no\/no\/vi-investerer-i-stadig-ny-og-bedre-teknologi\/\">Les mer<\/a>\n<\/div><\/div>\n<\/div>\n\n<\/div>\n<\/div>\n\n<div class=\"gb-container gb-container-3c37380f gb-container-08cfd215\">\n<div class=\"gb-container gb-container-48af8044\">\n\n<div class=\"gb-grid-wrapper gb-grid-wrapper-5c38bcc4 gb-query-loop-wrapper\"><\/div>\n\n<\/div>\n<\/div>","protected":false},"excerpt":{"rendered":"<p>Nyheter Hvordan produsere nok mat som m\u00f8ter b\u00e5de befolkningsveksten og klimautfordringene? Det gr\u00f8nne skiftet er det viktigste oppdraget v\u00e5rt noensinne og i nyhetsarkivet finner du &#8230; <a title=\"Nyheter\" class=\"read-more\" href=\"https:\/\/nutrimar.no\/no\/nyheter\/\" aria-label=\"Read more about Nyheter\">Les mer<\/a><\/p>\n","protected":false},"author":1,"featured_media":676,"parent":0,"menu_order":0,"comment_status":"closed","ping_status":"closed","template":"","meta":{"slim_seo":{"title":"Nyheter - Nutrimar AS","description":""},"footnotes":""},"class_list":["post-412","page","type-page","status-publish","has-post-thumbnail"],"_links":{"self":[{"href":"https:\/\/nutrimar.no\/no\/wp-json\/wp\/v2\/pages\/412","targetHints":{"allow":["GET"]}}],"collection":[{"href":"https:\/\/nutrimar.no\/no\/wp-json\/wp\/v2\/pages"}],"about":[{"href":"https:\/\/nutrimar.no\/no\/wp-json\/wp\/v2\/types\/page"}],"author":[{"embeddable":true,"href":"https:\/\/nutrimar.no\/no\/wp-json\/wp\/v2\/users\/1"}],"replies":[{"embeddable":true,"href":"https:\/\/nutrimar.no\/no\/wp-json\/wp\/v2\/comments?post=412"}],"version-history":[{"count":44,"href":"https:\/\/nutrimar.no\/no\/wp-json\/wp\/v2\/pages\/412\/revisions"}],"predecessor-version":[{"id":1287,"href":"https:\/\/nutrimar.no\/no\/wp-json\/wp\/v2\/pages\/412\/revisions\/1287"}],"wp:featuredmedia":[{"embeddable":true,"href":"https:\/\/nutrimar.no\/no\/wp-json\/wp\/v2\/media\/676"}],"wp:attachment":[{"href":"https:\/\/nutrimar.no\/no\/wp-json\/wp\/v2\/media?parent=412"}],"curies":[{"name":"wp","href":"https:\/\/api.w.org\/{rel}","templated":true}]}}