{"id":457,"date":"2024-02-22T12:50:36","date_gmt":"2024-02-22T12:50:36","guid":{"rendered":"http:\/\/nutrimar.no.vinnvinn.io\/?page_id=457"},"modified":"2025-06-18T14:42:36","modified_gmt":"2025-06-18T12:42:36","slug":"jobbe-hos-oss","status":"publish","type":"page","link":"https:\/\/nutrimar.no\/no\/jobbe-hos-oss\/","title":{"rendered":"Jobbe hos oss"},"content":{"rendered":"<div class=\"gb-container gb-container-90709470 gb-container-23c41f85\">\n<div class=\"gb-container gb-container-05c42a30\">\n\n<h1 class=\"gb-headline gb-headline-3cf19c38 gb-headline-text gb-headline-35fff5d7\">VIL DU Jobbe hos oss?<\/h1>\n\n\n\n<p class=\"has-text-align-center\">Ved \u00e5 ta vare p\u00e5 havet og ressursene i det skal vi bidra til \u00e5 opprettholde livskvaliteten p\u00e5 jorden. \u00c5 jobbe med marine ingredienser for \u00e5 sikre nok og sunn mat til alle er et stort oppdrag som krever dyktige folk, ulike kompetanser og en stadig smartere produksjon. Nutrimar har en sammenvevd verdikjede og vi trenger hele tiden nye mennesker og nye m\u00e5ter \u00e5 tenke p\u00e5 for \u00e5 bli enda bedre i morgen enn det vi er i dag. Med jevne mellomrom lyser vi ut faste stillinger, doktorgrader (n\u00e6rings-PHD), prosjekter, praksisplasser, utvekslingsmuligheter, sommerjobber og spennende forskningssamarbeid.<\/p>\n\n\n\n<a class=\"gb-button gb-button-d083d254 gb-button-2203120c main-btn\" href=\"https:\/\/app.cvideo.no\/nutrimar\" target=\"_blank\" rel=\"noopener noreferrer\"><span class=\"gb-icon\"><svg viewBox=\"0 0 900 1000\" clip-rule=\"evenodd\" stroke-miterlimit=\"2\" stroke-linejoin=\"round\" fill-rule=\"evenodd\" xml:space=\"preserve\" xmlns=\"http:\/\/www.w3.org\/2000\/svg\">   <path d=\"M478.542 24.135595v-.329017h-48.6312435c-135.7195125 0-243.2574535 41.785159-319.6147065 124.2292265C-3.0503065 270.417474-1.164786 434.040159.3664085 465.828263v534.171754H186.855775V463.221436l-.1645085-5.694525c-.0632725-1.113596-5.0997635-111.7771985 60.6530185-181.794547 39.684512-42.2533755 101.0968005-63.677444 182.5664715-63.677444h40.190692c81.469671 0 142.8819595 21.4240685 182.5664715 63.677444 65.752782 70.0173485 60.7036365 180.680951 60.6783275 181.1744765l-.202472 543.0931765H899.633142V465.8409175c1.5311945-31.788104 3.4293695-195.4234435-109.916987-317.805113C714.978678 67.3507125 610.199418 25.881916 478.542 24.135595\" fill-rule=\"nonzero\" fill=\"#fff\"><\/path> <\/svg><\/span><span class=\"gb-button-text\">Ledige stillinger<\/span><\/a>\n\n<\/div>\n<\/div>\n\n<div class=\"gb-container gb-container-c3773c1e\">\n<div class=\"gb-container gb-container-97bc6ff3\">\n\n<figure class=\"gb-block-image gb-block-image-c2480900\"><img loading=\"lazy\" decoding=\"async\" width=\"900\" height=\"1000\" class=\"gb-image gb-image-c2480900\" src=\"https:\/\/nutrimar.no\/wp-content\/uploads\/2024\/01\/Nutrimar-N.svg\" alt=\"\" title=\"Nutrimar N\"\/><\/figure>\n\n<\/div>\n\n<div class=\"gb-container gb-container-791caee8\">\n\n<h2 class=\"gb-headline gb-headline-948ff0ec gb-headline-text gb-headline-35fff5d7\">HISTORIEN OM NUTRIMAR<\/h2>\n\n\n\n<a class=\"gb-button gb-button-a8175319 gb-button-text gb-button-6d466503 btn-lineheight\" href=\"https:\/\/www.youtube.com\/watch?v=C_S9R4ypC3M\" target=\"_blank\" rel=\"noopener noreferrer\"><strong>Se filmen<\/strong><\/a>\n\n<\/div>\n<\/div>\n\n<div class=\"gb-container gb-container-c8f9d9a3 gb-container-23c41f85\">\n<div class=\"gb-container gb-container-5a7055fb\">\n\n<h2 class=\"gb-headline gb-headline-4e79e510 gb-headline-text gb-headline-35fff5d7\">Ansvar for liv og natur<\/h2>\n\n\n\n<p class=\"has-text-align-center\">Den norske kystlinjen er lang, artsrik og en viktig kilde til sunne og n\u00e6ringsrike r\u00e5varer for en stadig voksende verdensbefolkning. V\u00e5rt oppdrag er \u00e5 sikre og foredle b\u00e6rekraftige marine ingredienser med et langt perspektiv.<\/p>\n\n\n\n<a class=\"gb-button gb-button-1bc62a6b gb-button-2203120c main-btn\" href=\"\/no\/om-oss\/naturlige-og-baerekraftige-ravarer\/\" target=\"_blank\" rel=\"noopener noreferrer\"><span class=\"gb-icon\"><svg viewBox=\"0 0 900 1000\" clip-rule=\"evenodd\" stroke-miterlimit=\"2\" stroke-linejoin=\"round\" fill-rule=\"evenodd\" xml:space=\"preserve\" xmlns=\"http:\/\/www.w3.org\/2000\/svg\">   <path d=\"M478.542 24.135595v-.329017h-48.6312435c-135.7195125 0-243.2574535 41.785159-319.6147065 124.2292265C-3.0503065 270.417474-1.164786 434.040159.3664085 465.828263v534.171754H186.855775V463.221436l-.1645085-5.694525c-.0632725-1.113596-5.0997635-111.7771985 60.6530185-181.794547 39.684512-42.2533755 101.0968005-63.677444 182.5664715-63.677444h40.190692c81.469671 0 142.8819595 21.4240685 182.5664715 63.677444 65.752782 70.0173485 60.7036365 180.680951 60.6783275 181.1744765l-.202472 543.0931765H899.633142V465.8409175c1.5311945-31.788104 3.4293695-195.4234435-109.916987-317.805113C714.978678 67.3507125 610.199418 25.881916 478.542 24.135595\" fill-rule=\"nonzero\" fill=\"#fff\"><\/path> <\/svg><\/span><span class=\"gb-button-text\">Naturlig og b\u00e6rekraftig fra havet<\/span><\/a>\n\n<\/div>\n<\/div>","protected":false},"excerpt":{"rendered":"<p>VIL DU Jobbe hos oss? Ved \u00e5 ta vare p\u00e5 havet og ressursene i det skal vi bidra til \u00e5 opprettholde livskvaliteten p\u00e5 jorden. \u00c5 &#8230; <a title=\"Jobbe hos oss\" class=\"read-more\" href=\"https:\/\/nutrimar.no\/no\/jobbe-hos-oss\/\" aria-label=\"Read more about Jobbe hos oss\">Les mer<\/a><\/p>\n","protected":false},"author":1,"featured_media":0,"parent":0,"menu_order":0,"comment_status":"closed","ping_status":"closed","template":"","meta":{"slim_seo":{"title":"Jobbe hos oss - Nutrimar AS","description":""},"footnotes":""},"class_list":["post-457","page","type-page","status-publish"],"_links":{"self":[{"href":"https:\/\/nutrimar.no\/no\/wp-json\/wp\/v2\/pages\/457","targetHints":{"allow":["GET"]}}],"collection":[{"href":"https:\/\/nutrimar.no\/no\/wp-json\/wp\/v2\/pages"}],"about":[{"href":"https:\/\/nutrimar.no\/no\/wp-json\/wp\/v2\/types\/page"}],"author":[{"embeddable":true,"href":"https:\/\/nutrimar.no\/no\/wp-json\/wp\/v2\/users\/1"}],"replies":[{"embeddable":true,"href":"https:\/\/nutrimar.no\/no\/wp-json\/wp\/v2\/comments?post=457"}],"version-history":[{"count":23,"href":"https:\/\/nutrimar.no\/no\/wp-json\/wp\/v2\/pages\/457\/revisions"}],"predecessor-version":[{"id":1731,"href":"https:\/\/nutrimar.no\/no\/wp-json\/wp\/v2\/pages\/457\/revisions\/1731"}],"wp:attachment":[{"href":"https:\/\/nutrimar.no\/no\/wp-json\/wp\/v2\/media?parent=457"}],"curies":[{"name":"wp","href":"https:\/\/api.w.org\/{rel}","templated":true}]}}